{"id":5040,"date":"2024-08-19T03:34:49","date_gmt":"2024-08-19T00:34:49","guid":{"rendered":"https:\/\/alfemo.sadullahoglu.com\/?page_id=5040"},"modified":"2024-08-20T00:07:43","modified_gmt":"2024-08-19T21:07:43","slug":"magaza-bilgilerimiz","status":"publish","type":"page","link":"https:\/\/alfemo.sadullahoglu.com\/de\/magaza-bilgilerimiz\/","title":{"rendered":"Unsere Shop-Informationen"},"content":{"rendered":"<div data-elementor-type=\"wp-page\" data-elementor-id=\"5040\" class=\"elementor elementor-5040\" data-elementor-post-type=\"page\">\n\t\t\t\t<div class=\"elementor-element elementor-element-15732aa e-flex e-con-boxed e-con e-parent\" data-id=\"15732aa\" data-element_type=\"container\">\n\t\t\t\t\t<div class=\"e-con-inner\">\n\t\t\t\t<div class=\"elementor-element elementor-element-b03c7ae elementor-widget elementor-widget-heading\" data-id=\"b03c7ae\" data-element_type=\"widget\" data-widget_type=\"heading.default\">\n\t\t\t\t<div class=\"elementor-widget-container\">\n\t\t\t<style>\/*! elementor - v3.23.0 - 05-08-2024 *\/\n.elementor-heading-title{padding:0;margin:0;line-height:1}.elementor-widget-heading .elementor-heading-title[class*=elementor-size-]>a{color:inherit;font-size:inherit;line-height:inherit}.elementor-widget-heading .elementor-heading-title.elementor-size-small{font-size:15px}.elementor-widget-heading .elementor-heading-title.elementor-size-medium{font-size:19px}.elementor-widget-heading .elementor-heading-title.elementor-size-large{font-size:29px}.elementor-widget-heading .elementor-heading-title.elementor-size-xl{font-size:39px}.elementor-widget-heading .elementor-heading-title.elementor-size-xxl{font-size:59px}<\/style><h2 class=\"elementor-heading-title elementor-size-default\">Unsere Shop-Informationen\n<\/h2>\t\t<\/div>\n\t\t\t\t<\/div>\n\t\t\t\t<div class=\"elementor-element elementor-element-6c50322 elementor-widget elementor-widget-text-editor\" data-id=\"6c50322\" data-element_type=\"widget\" data-widget_type=\"text-editor.default\">\n\t\t\t\t<div class=\"elementor-widget-container\">\n\t\t\t<style>\/*! elementor - v3.23.0 - 05-08-2024 *\/\n.elementor-widget-text-editor.elementor-drop-cap-view-stacked .elementor-drop-cap{background-color:#69727d;color:#fff}.elementor-widget-text-editor.elementor-drop-cap-view-framed .elementor-drop-cap{color:#69727d;border:3px solid;background-color:transparent}.elementor-widget-text-editor:not(.elementor-drop-cap-view-default) .elementor-drop-cap{margin-top:8px}.elementor-widget-text-editor:not(.elementor-drop-cap-view-default) .elementor-drop-cap-letter{width:1em;height:1em}.elementor-widget-text-editor .elementor-drop-cap{float:left;text-align:center;line-height:1;font-size:50px}.elementor-widget-text-editor .elementor-drop-cap-letter{display:inline-block}<\/style>\t\t\t\t<p class=\"has-text-align-center\"><strong>Alanya Alfemo Showroom Store<br \/><\/strong>Cumhuriyet Mah. Hallo Stra\u00dfe. Oba Cad. Nr.:2\/A<br \/>Alanya \/ Antalya<br \/>Telefon: 0242 515 17 17<\/p>\t\t\t\t\t\t<\/div>\n\t\t\t\t<\/div>\n\t\t\t\t\t<\/div>\n\t\t\t\t<\/div>\n\t\t\t\t<\/div>","protected":false},"excerpt":{"rendered":"<p>Ma\u011faza Bilgilerimiz Alanya Alfemo Showroom Ma\u011fazaCumhuriyet Mah. Selam Sokak. Oba Cad. No:2\/AAlanya \/ AntalyaTelefon: 0242 515 17 17<\/p>","protected":false},"author":1,"featured_media":0,"parent":0,"menu_order":0,"comment_status":"closed","ping_status":"closed","template":"","meta":{"footnotes":""},"class_list":["post-5040","page","type-page","status-publish","hentry"],"yoast_head":"<!-- This site is optimized with the Yoast SEO plugin v23.2 - https:\/\/yoast.com\/wordpress\/plugins\/seo\/ -->\n<title>Ma\u011faza Bilgilerimiz - Sadullaho\u011flu | Alfemo<\/title>\n<meta name=\"robots\" content=\"index, follow, max-snippet:-1, max-image-preview:large, max-video-preview:-1\" \/>\n<link rel=\"canonical\" href=\"https:\/\/alfemo.sadullahoglu.com\/de\/magaza-bilgilerimiz\/\" \/>\n<meta property=\"og:locale\" content=\"de_DE\" \/>\n<meta property=\"og:type\" content=\"article\" \/>\n<meta property=\"og:title\" content=\"Ma\u011faza Bilgilerimiz - Sadullaho\u011flu | Alfemo\" \/>\n<meta property=\"og:description\" content=\"Ma\u011faza Bilgilerimiz Alanya Alfemo Showroom Ma\u011fazaCumhuriyet Mah. Selam Sokak. Oba Cad. No:2\/AAlanya \/ AntalyaTelefon: 0242 515 17 17\" \/>\n<meta property=\"og:url\" content=\"https:\/\/alfemo.sadullahoglu.com\/de\/magaza-bilgilerimiz\/\" \/>\n<meta property=\"og:site_name\" content=\"Sadullaho\u011flu | Alfemo\" \/>\n<meta property=\"article:modified_time\" content=\"2024-08-19T21:07:43+00:00\" \/>\n<meta name=\"twitter:card\" content=\"summary_large_image\" \/>\n<meta name=\"twitter:label1\" content=\"Gesch\u00e4tzte Lesezeit\" \/>\n\t<meta name=\"twitter:data1\" content=\"1\u00a0Minute\" \/>\n<script type=\"application\/ld+json\" class=\"yoast-schema-graph\">{\"@context\":\"https:\/\/schema.org\",\"@graph\":[{\"@type\":\"WebPage\",\"@id\":\"https:\/\/alfemo.sadullahoglu.com\/magaza-bilgilerimiz\/\",\"url\":\"https:\/\/alfemo.sadullahoglu.com\/magaza-bilgilerimiz\/\",\"name\":\"Ma\u011faza Bilgilerimiz - Sadullaho\u011flu | Alfemo\",\"isPartOf\":{\"@id\":\"https:\/\/alfemo.sadullahoglu.com\/#website\"},\"datePublished\":\"2024-08-19T00:34:49+00:00\",\"dateModified\":\"2024-08-19T21:07:43+00:00\",\"breadcrumb\":{\"@id\":\"https:\/\/alfemo.sadullahoglu.com\/magaza-bilgilerimiz\/#breadcrumb\"},\"inLanguage\":\"de\",\"potentialAction\":[{\"@type\":\"ReadAction\",\"target\":[\"https:\/\/alfemo.sadullahoglu.com\/magaza-bilgilerimiz\/\"]}]},{\"@type\":\"BreadcrumbList\",\"@id\":\"https:\/\/alfemo.sadullahoglu.com\/magaza-bilgilerimiz\/#breadcrumb\",\"itemListElement\":[{\"@type\":\"ListItem\",\"position\":1,\"name\":\"Anasayfa\",\"item\":\"https:\/\/alfemo.sadullahoglu.com\/\"},{\"@type\":\"ListItem\",\"position\":2,\"name\":\"Ma\u011faza Bilgilerimiz\"}]},{\"@type\":\"WebSite\",\"@id\":\"https:\/\/alfemo.sadullahoglu.com\/#website\",\"url\":\"https:\/\/alfemo.sadullahoglu.com\/\",\"name\":\"Sadullaho\u011flu | Alfemo\",\"description\":\"Sadullaho\u011flu | Alfemo\",\"potentialAction\":[{\"@type\":\"SearchAction\",\"target\":{\"@type\":\"EntryPoint\",\"urlTemplate\":\"https:\/\/alfemo.sadullahoglu.com\/?s={search_term_string}\"},\"query-input\":\"required name=search_term_string\"}],\"inLanguage\":\"de\"}]}<\/script>\n<!-- \/ Yoast SEO plugin. -->","yoast_head_json":{"title":"Ma\u011faza Bilgilerimiz - Sadullaho\u011flu | Alfemo","robots":{"index":"index","follow":"follow","max-snippet":"max-snippet:-1","max-image-preview":"max-image-preview:large","max-video-preview":"max-video-preview:-1"},"canonical":"https:\/\/alfemo.sadullahoglu.com\/de\/magaza-bilgilerimiz\/","og_locale":"de_DE","og_type":"article","og_title":"Ma\u011faza Bilgilerimiz - Sadullaho\u011flu | Alfemo","og_description":"Ma\u011faza Bilgilerimiz Alanya Alfemo Showroom Ma\u011fazaCumhuriyet Mah. Selam Sokak. Oba Cad. No:2\/AAlanya \/ AntalyaTelefon: 0242 515 17 17","og_url":"https:\/\/alfemo.sadullahoglu.com\/de\/magaza-bilgilerimiz\/","og_site_name":"Sadullaho\u011flu | Alfemo","article_modified_time":"2024-08-19T21:07:43+00:00","twitter_card":"summary_large_image","twitter_misc":{"Gesch\u00e4tzte Lesezeit":"1\u00a0Minute"},"schema":{"@context":"https:\/\/schema.org","@graph":[{"@type":"WebPage","@id":"https:\/\/alfemo.sadullahoglu.com\/magaza-bilgilerimiz\/","url":"https:\/\/alfemo.sadullahoglu.com\/magaza-bilgilerimiz\/","name":"Ma\u011faza Bilgilerimiz - Sadullaho\u011flu | Alfemo","isPartOf":{"@id":"https:\/\/alfemo.sadullahoglu.com\/#website"},"datePublished":"2024-08-19T00:34:49+00:00","dateModified":"2024-08-19T21:07:43+00:00","breadcrumb":{"@id":"https:\/\/alfemo.sadullahoglu.com\/magaza-bilgilerimiz\/#breadcrumb"},"inLanguage":"de","potentialAction":[{"@type":"ReadAction","target":["https:\/\/alfemo.sadullahoglu.com\/magaza-bilgilerimiz\/"]}]},{"@type":"BreadcrumbList","@id":"https:\/\/alfemo.sadullahoglu.com\/magaza-bilgilerimiz\/#breadcrumb","itemListElement":[{"@type":"ListItem","position":1,"name":"Anasayfa","item":"https:\/\/alfemo.sadullahoglu.com\/"},{"@type":"ListItem","position":2,"name":"Ma\u011faza Bilgilerimiz"}]},{"@type":"WebSite","@id":"https:\/\/alfemo.sadullahoglu.com\/#website","url":"https:\/\/alfemo.sadullahoglu.com\/","name":"Sadullaho\u011flu | Alfemo","description":"Sadullaho\u011flu | Alfemo","potentialAction":[{"@type":"SearchAction","target":{"@type":"EntryPoint","urlTemplate":"https:\/\/alfemo.sadullahoglu.com\/?s={search_term_string}"},"query-input":"required name=search_term_string"}],"inLanguage":"de"}]}},"_links":{"self":[{"href":"https:\/\/alfemo.sadullahoglu.com\/de\/wp-json\/wp\/v2\/pages\/5040","targetHints":{"allow":["GET"]}}],"collection":[{"href":"https:\/\/alfemo.sadullahoglu.com\/de\/wp-json\/wp\/v2\/pages"}],"about":[{"href":"https:\/\/alfemo.sadullahoglu.com\/de\/wp-json\/wp\/v2\/types\/page"}],"author":[{"embeddable":true,"href":"https:\/\/alfemo.sadullahoglu.com\/de\/wp-json\/wp\/v2\/users\/1"}],"replies":[{"embeddable":true,"href":"https:\/\/alfemo.sadullahoglu.com\/de\/wp-json\/wp\/v2\/comments?post=5040"}],"version-history":[{"count":9,"href":"https:\/\/alfemo.sadullahoglu.com\/de\/wp-json\/wp\/v2\/pages\/5040\/revisions"}],"predecessor-version":[{"id":5273,"href":"https:\/\/alfemo.sadullahoglu.com\/de\/wp-json\/wp\/v2\/pages\/5040\/revisions\/5273"}],"wp:attachment":[{"href":"https:\/\/alfemo.sadullahoglu.com\/de\/wp-json\/wp\/v2\/media?parent=5040"}],"curies":[{"name":"wp","href":"https:\/\/api.w.org\/{rel}","templated":true}]}}