{"id":5047,"date":"2024-08-19T03:39:23","date_gmt":"2024-08-19T00:39:23","guid":{"rendered":"https:\/\/alfemo.sadullahoglu.com\/?page_id=5047"},"modified":"2024-08-19T03:40:09","modified_gmt":"2024-08-19T00:40:09","slug":"banka-hesap-numaralarimiz","status":"publish","type":"page","link":"https:\/\/alfemo.sadullahoglu.com\/de\/banka-hesap-numaralarimiz\/","title":{"rendered":"Unsere Bankkontonummern"},"content":{"rendered":"<div data-elementor-type=\"wp-page\" data-elementor-id=\"5047\" class=\"elementor elementor-5047\" data-elementor-post-type=\"page\">\n\t\t\t\t<div class=\"elementor-element elementor-element-0c2c4c1 e-flex e-con-boxed e-con e-parent\" data-id=\"0c2c4c1\" data-element_type=\"container\">\n\t\t\t\t\t<div class=\"e-con-inner\">\n\t\t\t\t<div class=\"elementor-element elementor-element-8750eb1 elementor-widget elementor-widget-heading\" data-id=\"8750eb1\" data-element_type=\"widget\" data-widget_type=\"heading.default\">\n\t\t\t\t<div class=\"elementor-widget-container\">\n\t\t\t<style>\/*! elementor - v3.23.0 - 05-08-2024 *\/\n.elementor-heading-title{padding:0;margin:0;line-height:1}.elementor-widget-heading .elementor-heading-title[class*=elementor-size-]>a{color:inherit;font-size:inherit;line-height:inherit}.elementor-widget-heading .elementor-heading-title.elementor-size-small{font-size:15px}.elementor-widget-heading .elementor-heading-title.elementor-size-medium{font-size:19px}.elementor-widget-heading .elementor-heading-title.elementor-size-large{font-size:29px}.elementor-widget-heading .elementor-heading-title.elementor-size-xl{font-size:39px}.elementor-widget-heading .elementor-heading-title.elementor-size-xxl{font-size:59px}<\/style><h2 class=\"elementor-heading-title elementor-size-default\">Unsere Bankkontonummern\n<\/h2>\t\t<\/div>\n\t\t\t\t<\/div>\n\t\t\t\t<div class=\"elementor-element elementor-element-77e497f elementor-widget elementor-widget-text-editor\" data-id=\"77e497f\" data-element_type=\"widget\" data-widget_type=\"text-editor.default\">\n\t\t\t\t<div class=\"elementor-widget-container\">\n\t\t\t<style>\/*! elementor - v3.23.0 - 05-08-2024 *\/\n.elementor-widget-text-editor.elementor-drop-cap-view-stacked .elementor-drop-cap{background-color:#69727d;color:#fff}.elementor-widget-text-editor.elementor-drop-cap-view-framed .elementor-drop-cap{color:#69727d;border:3px solid;background-color:transparent}.elementor-widget-text-editor:not(.elementor-drop-cap-view-default) .elementor-drop-cap{margin-top:8px}.elementor-widget-text-editor:not(.elementor-drop-cap-view-default) .elementor-drop-cap-letter{width:1em;height:1em}.elementor-widget-text-editor .elementor-drop-cap{float:left;text-align:center;line-height:1;font-size:50px}.elementor-widget-text-editor .elementor-drop-cap-letter{display:inline-block}<\/style>\t\t\t\t<p class=\"has-text-align-center\">Akbank TL-KONTO<br \/><strong>IBAN: TR63 0004 6004 5888 8000 110063<\/strong><br \/>Name des K\u00e4ufers: Sadullaho\u011flu Tur.Tic.A.\u015e.<\/p><p class=\"has-text-align-center\"><br \/>Yap\u0131 Kredi TL-KONTO<br \/><strong>IBAN: TR21 0006 7010 0000 0029 4344 67<\/strong><br \/>Name des K\u00e4ufers: Sadullaho\u011flu Tur.Tic.A.\u015e.<\/p><p class=\"has-text-align-center\"><br \/>Garanti TL-KONTO<br \/><strong>IBAN: TR55 0006 2000 0070 0006 2987 79<br \/><\/strong>Name des K\u00e4ufers: Sadullaho\u011flu Tur.Tic.A.\u015e.<\/p><p class=\"has-text-align-center\"><br \/>\u0130\u015fbank TL-KONTO<br \/><strong>IBAN: TR03 0006 4000 0016 2200 7048 64<br \/><\/strong>Name des K\u00e4ufers: Sadullaho\u011flu Tur.Tic.A.\u015e.<br \/><br \/><br \/>Halkbank TL-KONTO<br \/><strong>IBAN: TR73 0001 2009 4560 0010 1005 18<\/strong><br \/>Name des K\u00e4ufers: Sadullaho\u011flu Tur.Tic.A.\u015e.<br \/><br \/><br \/>Ziraat Bank TL-KONTO<br \/><strong>IBAN: TR18 0001 0023 4360 7508 0050 02<\/strong><br \/>Name des K\u00e4ufers: Sadullaho\u011flu Tur.Tic.A.\u015e.<\/p>\t\t\t\t\t\t<\/div>\n\t\t\t\t<\/div>\n\t\t\t\t\t<\/div>\n\t\t\t\t<\/div>\n\t\t\t\t<\/div>","protected":false},"excerpt":{"rendered":"<p>Banka Hesap Numaralar\u0131m\u0131z Akbank TL HESABIIBAN: TR63 0004 6004 5888 8000 110063Al\u0131c\u0131 Ad\u0131: Sadullaho\u011flu Tur.Tic.A.\u015e. Yap\u0131 Kredi TL HESABIIBAN: TR21 0006 7010 0000 0029 4344 67Al\u0131c\u0131 Ad\u0131: Sadullaho\u011flu Tur.Tic.A.\u015e. Garanti TL HESABIIBAN: TR55 0006 2000 0070 0006 2987 79Al\u0131c\u0131 Ad\u0131: Sadullaho\u011flu Tur.Tic.A.\u015e. \u0130\u015fbankas\u0131 TL HESABIIBAN: TR03 0006 4000 0016 2200 7048 64Al\u0131c\u0131 Ad\u0131: Sadullaho\u011flu Tur.Tic.A.\u015e.&hellip;<\/p>","protected":false},"author":1,"featured_media":0,"parent":0,"menu_order":0,"comment_status":"closed","ping_status":"closed","template":"","meta":{"footnotes":""},"class_list":["post-5047","page","type-page","status-publish","hentry"],"yoast_head":"<!-- This site is optimized with the Yoast SEO plugin v23.2 - https:\/\/yoast.com\/wordpress\/plugins\/seo\/ -->\n<title>Banka Hesap Numaralar\u0131m\u0131z - Sadullaho\u011flu | Alfemo<\/title>\n<meta name=\"robots\" content=\"index, follow, max-snippet:-1, max-image-preview:large, max-video-preview:-1\" \/>\n<link rel=\"canonical\" href=\"https:\/\/alfemo.sadullahoglu.com\/de\/banka-hesap-numaralarimiz\/\" \/>\n<meta property=\"og:locale\" content=\"de_DE\" \/>\n<meta property=\"og:type\" content=\"article\" \/>\n<meta property=\"og:title\" content=\"Banka Hesap Numaralar\u0131m\u0131z - Sadullaho\u011flu | Alfemo\" \/>\n<meta property=\"og:description\" content=\"Banka Hesap Numaralar\u0131m\u0131z Akbank TL HESABIIBAN: TR63 0004 6004 5888 8000 110063Al\u0131c\u0131 Ad\u0131: Sadullaho\u011flu Tur.Tic.A.\u015e. Yap\u0131 Kredi TL HESABIIBAN: TR21 0006 7010 0000 0029 4344 67Al\u0131c\u0131 Ad\u0131: Sadullaho\u011flu Tur.Tic.A.\u015e. Garanti TL HESABIIBAN: TR55 0006 2000 0070 0006 2987 79Al\u0131c\u0131 Ad\u0131: Sadullaho\u011flu Tur.Tic.A.\u015e. \u0130\u015fbankas\u0131 TL HESABIIBAN: TR03 0006 4000 0016 2200 7048 64Al\u0131c\u0131 Ad\u0131: Sadullaho\u011flu Tur.Tic.A.\u015e.&hellip;\" \/>\n<meta property=\"og:url\" content=\"https:\/\/alfemo.sadullahoglu.com\/de\/banka-hesap-numaralarimiz\/\" \/>\n<meta property=\"og:site_name\" content=\"Sadullaho\u011flu | Alfemo\" \/>\n<meta property=\"article:modified_time\" content=\"2024-08-19T00:40:09+00:00\" \/>\n<meta name=\"twitter:card\" content=\"summary_large_image\" \/>\n<meta name=\"twitter:label1\" content=\"Gesch\u00e4tzte Lesezeit\" \/>\n\t<meta name=\"twitter:data1\" content=\"1\u00a0Minute\" \/>\n<script type=\"application\/ld+json\" class=\"yoast-schema-graph\">{\"@context\":\"https:\/\/schema.org\",\"@graph\":[{\"@type\":\"WebPage\",\"@id\":\"https:\/\/alfemo.sadullahoglu.com\/banka-hesap-numaralarimiz\/\",\"url\":\"https:\/\/alfemo.sadullahoglu.com\/banka-hesap-numaralarimiz\/\",\"name\":\"Banka Hesap Numaralar\u0131m\u0131z - Sadullaho\u011flu | Alfemo\",\"isPartOf\":{\"@id\":\"https:\/\/alfemo.sadullahoglu.com\/#website\"},\"datePublished\":\"2024-08-19T00:39:23+00:00\",\"dateModified\":\"2024-08-19T00:40:09+00:00\",\"breadcrumb\":{\"@id\":\"https:\/\/alfemo.sadullahoglu.com\/banka-hesap-numaralarimiz\/#breadcrumb\"},\"inLanguage\":\"de\",\"potentialAction\":[{\"@type\":\"ReadAction\",\"target\":[\"https:\/\/alfemo.sadullahoglu.com\/banka-hesap-numaralarimiz\/\"]}]},{\"@type\":\"BreadcrumbList\",\"@id\":\"https:\/\/alfemo.sadullahoglu.com\/banka-hesap-numaralarimiz\/#breadcrumb\",\"itemListElement\":[{\"@type\":\"ListItem\",\"position\":1,\"name\":\"Anasayfa\",\"item\":\"https:\/\/alfemo.sadullahoglu.com\/\"},{\"@type\":\"ListItem\",\"position\":2,\"name\":\"Banka Hesap Numaralar\u0131m\u0131z\"}]},{\"@type\":\"WebSite\",\"@id\":\"https:\/\/alfemo.sadullahoglu.com\/#website\",\"url\":\"https:\/\/alfemo.sadullahoglu.com\/\",\"name\":\"Sadullaho\u011flu | Alfemo\",\"description\":\"Sadullaho\u011flu | Alfemo\",\"potentialAction\":[{\"@type\":\"SearchAction\",\"target\":{\"@type\":\"EntryPoint\",\"urlTemplate\":\"https:\/\/alfemo.sadullahoglu.com\/?s={search_term_string}\"},\"query-input\":\"required name=search_term_string\"}],\"inLanguage\":\"de\"}]}<\/script>\n<!-- \/ Yoast SEO plugin. -->","yoast_head_json":{"title":"Banka Hesap Numaralar\u0131m\u0131z - Sadullaho\u011flu | Alfemo","robots":{"index":"index","follow":"follow","max-snippet":"max-snippet:-1","max-image-preview":"max-image-preview:large","max-video-preview":"max-video-preview:-1"},"canonical":"https:\/\/alfemo.sadullahoglu.com\/de\/banka-hesap-numaralarimiz\/","og_locale":"de_DE","og_type":"article","og_title":"Banka Hesap Numaralar\u0131m\u0131z - Sadullaho\u011flu | Alfemo","og_description":"Banka Hesap Numaralar\u0131m\u0131z Akbank TL HESABIIBAN: TR63 0004 6004 5888 8000 110063Al\u0131c\u0131 Ad\u0131: Sadullaho\u011flu Tur.Tic.A.\u015e. Yap\u0131 Kredi TL HESABIIBAN: TR21 0006 7010 0000 0029 4344 67Al\u0131c\u0131 Ad\u0131: Sadullaho\u011flu Tur.Tic.A.\u015e. Garanti TL HESABIIBAN: TR55 0006 2000 0070 0006 2987 79Al\u0131c\u0131 Ad\u0131: Sadullaho\u011flu Tur.Tic.A.\u015e. \u0130\u015fbankas\u0131 TL HESABIIBAN: TR03 0006 4000 0016 2200 7048 64Al\u0131c\u0131 Ad\u0131: Sadullaho\u011flu Tur.Tic.A.\u015e.&hellip;","og_url":"https:\/\/alfemo.sadullahoglu.com\/de\/banka-hesap-numaralarimiz\/","og_site_name":"Sadullaho\u011flu | Alfemo","article_modified_time":"2024-08-19T00:40:09+00:00","twitter_card":"summary_large_image","twitter_misc":{"Gesch\u00e4tzte Lesezeit":"1\u00a0Minute"},"schema":{"@context":"https:\/\/schema.org","@graph":[{"@type":"WebPage","@id":"https:\/\/alfemo.sadullahoglu.com\/banka-hesap-numaralarimiz\/","url":"https:\/\/alfemo.sadullahoglu.com\/banka-hesap-numaralarimiz\/","name":"Banka Hesap Numaralar\u0131m\u0131z - Sadullaho\u011flu | Alfemo","isPartOf":{"@id":"https:\/\/alfemo.sadullahoglu.com\/#website"},"datePublished":"2024-08-19T00:39:23+00:00","dateModified":"2024-08-19T00:40:09+00:00","breadcrumb":{"@id":"https:\/\/alfemo.sadullahoglu.com\/banka-hesap-numaralarimiz\/#breadcrumb"},"inLanguage":"de","potentialAction":[{"@type":"ReadAction","target":["https:\/\/alfemo.sadullahoglu.com\/banka-hesap-numaralarimiz\/"]}]},{"@type":"BreadcrumbList","@id":"https:\/\/alfemo.sadullahoglu.com\/banka-hesap-numaralarimiz\/#breadcrumb","itemListElement":[{"@type":"ListItem","position":1,"name":"Anasayfa","item":"https:\/\/alfemo.sadullahoglu.com\/"},{"@type":"ListItem","position":2,"name":"Banka Hesap Numaralar\u0131m\u0131z"}]},{"@type":"WebSite","@id":"https:\/\/alfemo.sadullahoglu.com\/#website","url":"https:\/\/alfemo.sadullahoglu.com\/","name":"Sadullaho\u011flu | Alfemo","description":"Sadullaho\u011flu | Alfemo","potentialAction":[{"@type":"SearchAction","target":{"@type":"EntryPoint","urlTemplate":"https:\/\/alfemo.sadullahoglu.com\/?s={search_term_string}"},"query-input":"required name=search_term_string"}],"inLanguage":"de"}]}},"_links":{"self":[{"href":"https:\/\/alfemo.sadullahoglu.com\/de\/wp-json\/wp\/v2\/pages\/5047","targetHints":{"allow":["GET"]}}],"collection":[{"href":"https:\/\/alfemo.sadullahoglu.com\/de\/wp-json\/wp\/v2\/pages"}],"about":[{"href":"https:\/\/alfemo.sadullahoglu.com\/de\/wp-json\/wp\/v2\/types\/page"}],"author":[{"embeddable":true,"href":"https:\/\/alfemo.sadullahoglu.com\/de\/wp-json\/wp\/v2\/users\/1"}],"replies":[{"embeddable":true,"href":"https:\/\/alfemo.sadullahoglu.com\/de\/wp-json\/wp\/v2\/comments?post=5047"}],"version-history":[{"count":4,"href":"https:\/\/alfemo.sadullahoglu.com\/de\/wp-json\/wp\/v2\/pages\/5047\/revisions"}],"predecessor-version":[{"id":5051,"href":"https:\/\/alfemo.sadullahoglu.com\/de\/wp-json\/wp\/v2\/pages\/5047\/revisions\/5051"}],"wp:attachment":[{"href":"https:\/\/alfemo.sadullahoglu.com\/de\/wp-json\/wp\/v2\/media?parent=5047"}],"curies":[{"name":"wp","href":"https:\/\/api.w.org\/{rel}","templated":true}]}}