{"id":5052,"date":"2024-08-19T03:40:37","date_gmt":"2024-08-19T00:40:37","guid":{"rendered":"https:\/\/alfemo.sadullahoglu.com\/?page_id=5052"},"modified":"2024-08-19T03:41:11","modified_gmt":"2024-08-19T00:41:11","slug":"odeme-ve-teslimat","status":"publish","type":"page","link":"https:\/\/alfemo.sadullahoglu.com\/de\/odeme-ve-teslimat\/","title":{"rendered":"Zahlung und Lieferung"},"content":{"rendered":"<div data-elementor-type=\"wp-page\" data-elementor-id=\"5052\" class=\"elementor elementor-5052\" data-elementor-post-type=\"page\">\n\t\t\t\t<div class=\"elementor-element elementor-element-378756a e-flex e-con-boxed e-con e-parent\" data-id=\"378756a\" data-element_type=\"container\">\n\t\t\t\t\t<div class=\"e-con-inner\">\n\t\t\t\t<div class=\"elementor-element elementor-element-3a9df7d elementor-widget elementor-widget-heading\" data-id=\"3a9df7d\" data-element_type=\"widget\" data-widget_type=\"heading.default\">\n\t\t\t\t<div class=\"elementor-widget-container\">\n\t\t\t<style>\/*! elementor - v3.23.0 - 05-08-2024 *\/\n.elementor-heading-title{padding:0;margin:0;line-height:1}.elementor-widget-heading .elementor-heading-title[class*=elementor-size-]>a{color:inherit;font-size:inherit;line-height:inherit}.elementor-widget-heading .elementor-heading-title.elementor-size-small{font-size:15px}.elementor-widget-heading .elementor-heading-title.elementor-size-medium{font-size:19px}.elementor-widget-heading .elementor-heading-title.elementor-size-large{font-size:29px}.elementor-widget-heading .elementor-heading-title.elementor-size-xl{font-size:39px}.elementor-widget-heading .elementor-heading-title.elementor-size-xxl{font-size:59px}<\/style><h2 class=\"elementor-heading-title elementor-size-default\">Zahlung und Lieferung\n<\/h2>\t\t<\/div>\n\t\t\t\t<\/div>\n\t\t\t\t<div class=\"elementor-element elementor-element-a42b275 elementor-widget elementor-widget-text-editor\" data-id=\"a42b275\" data-element_type=\"widget\" data-widget_type=\"text-editor.default\">\n\t\t\t\t<div class=\"elementor-widget-container\">\n\t\t\t<style>\/*! elementor - v3.23.0 - 05-08-2024 *\/\n.elementor-widget-text-editor.elementor-drop-cap-view-stacked .elementor-drop-cap{background-color:#69727d;color:#fff}.elementor-widget-text-editor.elementor-drop-cap-view-framed .elementor-drop-cap{color:#69727d;border:3px solid;background-color:transparent}.elementor-widget-text-editor:not(.elementor-drop-cap-view-default) .elementor-drop-cap{margin-top:8px}.elementor-widget-text-editor:not(.elementor-drop-cap-view-default) .elementor-drop-cap-letter{width:1em;height:1em}.elementor-widget-text-editor .elementor-drop-cap{float:left;text-align:center;line-height:1;font-size:50px}.elementor-widget-text-editor .elementor-drop-cap-letter{display:inline-block}<\/style>\t\t\t\t<p class=\"has-text-align-center\">Welche Vorteile hat eine Mitgliedschaft?<br \/>Unsere Mitglieder werden zun\u00e4chst \u00fcber unsere Aktionen und Aktionen informiert.<br \/>Wenn Sie mit dem Einkauf fertig sind und zum Zahlungsbereich gelangen, m\u00fcssen Sie nur noch Ihre Kreditkarteninformationen eingeben. Sie m\u00fcssen Ihre Identit\u00e4ts- und Adressinformationen nicht jedes Mal erneut eingeben.<br \/>Die Mitgliedschaft auf unserer Website ist kostenlos. Wenn Sie Mitglied werden, werden Ihre Identit\u00e4tsinformationen nicht an andere Personen oder Organisationen weitergegeben und vertraulich behandelt.<\/p><p class=\"has-text-align-center\">Welche Zahlungsmethoden gibt es?<br \/>Sie k\u00f6nnen Ihre Zahlung per Kreditkarte oder per \u00dcberweisung auf unser Bankkonto vornehmen.<\/p><p class=\"has-text-align-center\">- Falsche Eingabe Ihrer Kreditkartennummer oder Ihres Passworts,<br \/>- St\u00f6rungen in Banksystemen,<br \/>-Ihr Kreditkartenlimit ist \u00fcberschritten<\/p><p class=\"has-text-align-center\">Wenn Sie aus folgenden Gr\u00fcnden keine Genehmigung erhalten k\u00f6nnen, erscheint eine Warnmeldung auf Ihrem Bildschirm. Bitte \u00fcberpr\u00fcfen Sie Ihre Kreditkarteninformationen und versuchen Sie es erneut oder verwenden Sie eine andere Kreditkarte, falls Sie eine haben.<br \/>Die von Ihnen beim Einkauf angegebenen Kartendaten werden automatisch und f\u00fcr uns unbemerkt an die Bank \u00fcbermittelt und nach Erhalt der Autorisierung beginnt die Vorbereitung Ihrer Bestellung.<br \/>Wenn Sie in Ihrem Einkaufsformular unterschiedliche Liefer- und Rechnungsadressen angeben, wird das Produkt, das Sie erhalten, und der dazugeh\u00f6rige Lieferschein entsprechend der Lieferadresse ausgestellt, und die Rechnung wird entsprechend der von Ihnen angegebenen Rechnungsadresse ausgestellt.<\/p><p class=\"has-text-align-center\">LIEFERUNG<br \/>Die Lieferung der Produkte erfolgt aus unseren Filialen und Zentrallagern. Dieser Zeitraum kann aufgrund des Lagerbestands der Produkte und der Dichte an besonderen Tagen variieren. Kleinger\u00e4te, Elektronik usw. Ihre Bestellungen werden innerhalb von durchschnittlich 3 (drei) Werktagen an die Fracht geliefert. Da jedoch einige Haushaltsger\u00e4te, die nicht vorr\u00e4tig sind, aus dem allgemeinen Lager geliefert werden, kann die Lieferzeit zwischen 7 (sieben) und 14 (vierzehn) Tagen betragen. In solchen F\u00e4llen werden Sie benachrichtigt. Die Transportzeit zu Ihnen variiert je nach Adresse nach der Zustellung der Fracht. Der Versand erfolgt zwischen 09:30 Uhr morgens und 18:30 Uhr.<\/p><p class=\"has-text-align-center\">Der Versand der Produkte von Sadullahoglu Tur.\u0130n\u015f.Day.T\u00fck.Mallar\u0131 Paz.San ve Tic wird von Aras Kargo und Yurti\u00e7i Kargo durchgef\u00fchrt.<\/p><p class=\"has-text-align-center\">AUFTRAGSVERFOLGUNG<br \/>Informationen zu Fragen zu Ihrer Bestellung erhalten Sie telefonisch unter 0242 515 17 17 oder per E-Mail an musterihizmetleri@sadullahoglu.com.<\/p>\t\t\t\t\t\t<\/div>\n\t\t\t\t<\/div>\n\t\t\t\t\t<\/div>\n\t\t\t\t<\/div>\n\t\t\t\t<\/div>","protected":false},"excerpt":{"rendered":"<p>\u00d6deme ve Teslimat \u00dcye olman\u0131n avantajlar\u0131 nelerdir?\u00dcyelerimiz, promosyon ve kampanyalar\u0131m\u0131zdan \u00f6ncelikle haberdar olacakt\u0131r.Al\u0131\u015fveri\u015f bitirilip \u00f6deme b\u00f6l\u00fcm\u00fcne gelindi\u011finde, sadece kredi kart\u0131 bilgilerini yazman\u0131z yeterli olacakt\u0131r. Kimlik \u2013 adres bilgilerini her seferinde yeniden yazman\u0131za gerek kalmayacakt\u0131r.Sitemize \u00fcyelik \u00fccretsizdir. \u00dcye olman\u0131z halinde kimlik bilgileriniz hi\u00e7bir ki\u015fi ve kurulu\u015fla payla\u015f\u0131lmayacak, gizli tutulacakt\u0131r. \u00d6deme \u015fekilleri nelerdir?Kredi Kart\u0131 ve banka hesab\u0131m\u0131za&hellip;<\/p>","protected":false},"author":1,"featured_media":0,"parent":0,"menu_order":0,"comment_status":"closed","ping_status":"closed","template":"","meta":{"footnotes":""},"class_list":["post-5052","page","type-page","status-publish","hentry"],"yoast_head":"<!-- This site is optimized with the Yoast SEO plugin v23.2 - https:\/\/yoast.com\/wordpress\/plugins\/seo\/ -->\n<title>\u00d6deme ve Teslimat - Sadullaho\u011flu | Alfemo<\/title>\n<meta name=\"robots\" content=\"index, follow, max-snippet:-1, max-image-preview:large, max-video-preview:-1\" \/>\n<link rel=\"canonical\" href=\"https:\/\/alfemo.sadullahoglu.com\/de\/odeme-ve-teslimat\/\" \/>\n<meta property=\"og:locale\" content=\"de_DE\" \/>\n<meta property=\"og:type\" content=\"article\" \/>\n<meta property=\"og:title\" content=\"\u00d6deme ve Teslimat - Sadullaho\u011flu | Alfemo\" \/>\n<meta property=\"og:description\" content=\"\u00d6deme ve Teslimat \u00dcye olman\u0131n avantajlar\u0131 nelerdir?\u00dcyelerimiz, promosyon ve kampanyalar\u0131m\u0131zdan \u00f6ncelikle haberdar olacakt\u0131r.Al\u0131\u015fveri\u015f bitirilip \u00f6deme b\u00f6l\u00fcm\u00fcne gelindi\u011finde, sadece kredi kart\u0131 bilgilerini yazman\u0131z yeterli olacakt\u0131r. Kimlik \u2013 adres bilgilerini her seferinde yeniden yazman\u0131za gerek kalmayacakt\u0131r.Sitemize \u00fcyelik \u00fccretsizdir. \u00dcye olman\u0131z halinde kimlik bilgileriniz hi\u00e7bir ki\u015fi ve kurulu\u015fla payla\u015f\u0131lmayacak, gizli tutulacakt\u0131r. \u00d6deme \u015fekilleri nelerdir?Kredi Kart\u0131 ve banka hesab\u0131m\u0131za&hellip;\" \/>\n<meta property=\"og:url\" content=\"https:\/\/alfemo.sadullahoglu.com\/de\/odeme-ve-teslimat\/\" \/>\n<meta property=\"og:site_name\" content=\"Sadullaho\u011flu | Alfemo\" \/>\n<meta property=\"article:modified_time\" content=\"2024-08-19T00:41:11+00:00\" \/>\n<meta name=\"twitter:card\" content=\"summary_large_image\" \/>\n<meta name=\"twitter:label1\" content=\"Gesch\u00e4tzte Lesezeit\" \/>\n\t<meta name=\"twitter:data1\" content=\"2\u00a0Minuten\" \/>\n<script type=\"application\/ld+json\" class=\"yoast-schema-graph\">{\"@context\":\"https:\/\/schema.org\",\"@graph\":[{\"@type\":\"WebPage\",\"@id\":\"https:\/\/alfemo.sadullahoglu.com\/odeme-ve-teslimat\/\",\"url\":\"https:\/\/alfemo.sadullahoglu.com\/odeme-ve-teslimat\/\",\"name\":\"\u00d6deme ve Teslimat - Sadullaho\u011flu | Alfemo\",\"isPartOf\":{\"@id\":\"https:\/\/alfemo.sadullahoglu.com\/#website\"},\"datePublished\":\"2024-08-19T00:40:37+00:00\",\"dateModified\":\"2024-08-19T00:41:11+00:00\",\"breadcrumb\":{\"@id\":\"https:\/\/alfemo.sadullahoglu.com\/odeme-ve-teslimat\/#breadcrumb\"},\"inLanguage\":\"de\",\"potentialAction\":[{\"@type\":\"ReadAction\",\"target\":[\"https:\/\/alfemo.sadullahoglu.com\/odeme-ve-teslimat\/\"]}]},{\"@type\":\"BreadcrumbList\",\"@id\":\"https:\/\/alfemo.sadullahoglu.com\/odeme-ve-teslimat\/#breadcrumb\",\"itemListElement\":[{\"@type\":\"ListItem\",\"position\":1,\"name\":\"Anasayfa\",\"item\":\"https:\/\/alfemo.sadullahoglu.com\/\"},{\"@type\":\"ListItem\",\"position\":2,\"name\":\"\u00d6deme ve Teslimat\"}]},{\"@type\":\"WebSite\",\"@id\":\"https:\/\/alfemo.sadullahoglu.com\/#website\",\"url\":\"https:\/\/alfemo.sadullahoglu.com\/\",\"name\":\"Sadullaho\u011flu | Alfemo\",\"description\":\"Sadullaho\u011flu | Alfemo\",\"potentialAction\":[{\"@type\":\"SearchAction\",\"target\":{\"@type\":\"EntryPoint\",\"urlTemplate\":\"https:\/\/alfemo.sadullahoglu.com\/?s={search_term_string}\"},\"query-input\":\"required name=search_term_string\"}],\"inLanguage\":\"de\"}]}<\/script>\n<!-- \/ Yoast SEO plugin. -->","yoast_head_json":{"title":"\u00d6deme ve Teslimat - Sadullaho\u011flu | Alfemo","robots":{"index":"index","follow":"follow","max-snippet":"max-snippet:-1","max-image-preview":"max-image-preview:large","max-video-preview":"max-video-preview:-1"},"canonical":"https:\/\/alfemo.sadullahoglu.com\/de\/odeme-ve-teslimat\/","og_locale":"de_DE","og_type":"article","og_title":"\u00d6deme ve Teslimat - Sadullaho\u011flu | Alfemo","og_description":"\u00d6deme ve Teslimat \u00dcye olman\u0131n avantajlar\u0131 nelerdir?\u00dcyelerimiz, promosyon ve kampanyalar\u0131m\u0131zdan \u00f6ncelikle haberdar olacakt\u0131r.Al\u0131\u015fveri\u015f bitirilip \u00f6deme b\u00f6l\u00fcm\u00fcne gelindi\u011finde, sadece kredi kart\u0131 bilgilerini yazman\u0131z yeterli olacakt\u0131r. Kimlik \u2013 adres bilgilerini her seferinde yeniden yazman\u0131za gerek kalmayacakt\u0131r.Sitemize \u00fcyelik \u00fccretsizdir. \u00dcye olman\u0131z halinde kimlik bilgileriniz hi\u00e7bir ki\u015fi ve kurulu\u015fla payla\u015f\u0131lmayacak, gizli tutulacakt\u0131r. \u00d6deme \u015fekilleri nelerdir?Kredi Kart\u0131 ve banka hesab\u0131m\u0131za&hellip;","og_url":"https:\/\/alfemo.sadullahoglu.com\/de\/odeme-ve-teslimat\/","og_site_name":"Sadullaho\u011flu | Alfemo","article_modified_time":"2024-08-19T00:41:11+00:00","twitter_card":"summary_large_image","twitter_misc":{"Gesch\u00e4tzte Lesezeit":"2\u00a0Minuten"},"schema":{"@context":"https:\/\/schema.org","@graph":[{"@type":"WebPage","@id":"https:\/\/alfemo.sadullahoglu.com\/odeme-ve-teslimat\/","url":"https:\/\/alfemo.sadullahoglu.com\/odeme-ve-teslimat\/","name":"\u00d6deme ve Teslimat - Sadullaho\u011flu | Alfemo","isPartOf":{"@id":"https:\/\/alfemo.sadullahoglu.com\/#website"},"datePublished":"2024-08-19T00:40:37+00:00","dateModified":"2024-08-19T00:41:11+00:00","breadcrumb":{"@id":"https:\/\/alfemo.sadullahoglu.com\/odeme-ve-teslimat\/#breadcrumb"},"inLanguage":"de","potentialAction":[{"@type":"ReadAction","target":["https:\/\/alfemo.sadullahoglu.com\/odeme-ve-teslimat\/"]}]},{"@type":"BreadcrumbList","@id":"https:\/\/alfemo.sadullahoglu.com\/odeme-ve-teslimat\/#breadcrumb","itemListElement":[{"@type":"ListItem","position":1,"name":"Anasayfa","item":"https:\/\/alfemo.sadullahoglu.com\/"},{"@type":"ListItem","position":2,"name":"\u00d6deme ve Teslimat"}]},{"@type":"WebSite","@id":"https:\/\/alfemo.sadullahoglu.com\/#website","url":"https:\/\/alfemo.sadullahoglu.com\/","name":"Sadullaho\u011flu | Alfemo","description":"Sadullaho\u011flu | Alfemo","potentialAction":[{"@type":"SearchAction","target":{"@type":"EntryPoint","urlTemplate":"https:\/\/alfemo.sadullahoglu.com\/?s={search_term_string}"},"query-input":"required name=search_term_string"}],"inLanguage":"de"}]}},"_links":{"self":[{"href":"https:\/\/alfemo.sadullahoglu.com\/de\/wp-json\/wp\/v2\/pages\/5052","targetHints":{"allow":["GET"]}}],"collection":[{"href":"https:\/\/alfemo.sadullahoglu.com\/de\/wp-json\/wp\/v2\/pages"}],"about":[{"href":"https:\/\/alfemo.sadullahoglu.com\/de\/wp-json\/wp\/v2\/types\/page"}],"author":[{"embeddable":true,"href":"https:\/\/alfemo.sadullahoglu.com\/de\/wp-json\/wp\/v2\/users\/1"}],"replies":[{"embeddable":true,"href":"https:\/\/alfemo.sadullahoglu.com\/de\/wp-json\/wp\/v2\/comments?post=5052"}],"version-history":[{"count":4,"href":"https:\/\/alfemo.sadullahoglu.com\/de\/wp-json\/wp\/v2\/pages\/5052\/revisions"}],"predecessor-version":[{"id":5057,"href":"https:\/\/alfemo.sadullahoglu.com\/de\/wp-json\/wp\/v2\/pages\/5052\/revisions\/5057"}],"wp:attachment":[{"href":"https:\/\/alfemo.sadullahoglu.com\/de\/wp-json\/wp\/v2\/media?parent=5052"}],"curies":[{"name":"wp","href":"https:\/\/api.w.org\/{rel}","templated":true}]}}