{"id":5064,"date":"2024-08-19T03:45:01","date_gmt":"2024-08-19T00:45:01","guid":{"rendered":"https:\/\/alfemo.sadullahoglu.com\/?page_id=5064"},"modified":"2024-08-19T03:45:47","modified_gmt":"2024-08-19T00:45:47","slug":"gizlilik-sozlesmesi","status":"publish","type":"page","link":"https:\/\/alfemo.sadullahoglu.com\/de\/gizlilik-sozlesmesi\/","title":{"rendered":"Datenschutzvereinbarung"},"content":{"rendered":"<div data-elementor-type=\"wp-page\" data-elementor-id=\"5064\" class=\"elementor elementor-5064\" data-elementor-post-type=\"page\">\n\t\t\t\t<div class=\"elementor-element elementor-element-859044f e-flex e-con-boxed e-con e-parent\" data-id=\"859044f\" data-element_type=\"container\">\n\t\t\t\t\t<div class=\"e-con-inner\">\n\t\t\t\t<div class=\"elementor-element elementor-element-e79672b elementor-widget elementor-widget-heading\" data-id=\"e79672b\" data-element_type=\"widget\" data-widget_type=\"heading.default\">\n\t\t\t\t<div class=\"elementor-widget-container\">\n\t\t\t<style>\/*! elementor - v3.23.0 - 05-08-2024 *\/\n.elementor-heading-title{padding:0;margin:0;line-height:1}.elementor-widget-heading .elementor-heading-title[class*=elementor-size-]>a{color:inherit;font-size:inherit;line-height:inherit}.elementor-widget-heading .elementor-heading-title.elementor-size-small{font-size:15px}.elementor-widget-heading .elementor-heading-title.elementor-size-medium{font-size:19px}.elementor-widget-heading .elementor-heading-title.elementor-size-large{font-size:29px}.elementor-widget-heading .elementor-heading-title.elementor-size-xl{font-size:39px}.elementor-widget-heading .elementor-heading-title.elementor-size-xxl{font-size:59px}<\/style><h2 class=\"elementor-heading-title elementor-size-default\">Datenschutzvereinbarung\n<\/h2>\t\t<\/div>\n\t\t\t\t<\/div>\n\t\t\t\t<div class=\"elementor-element elementor-element-ce4f175 elementor-widget elementor-widget-text-editor\" data-id=\"ce4f175\" data-element_type=\"widget\" data-widget_type=\"text-editor.default\">\n\t\t\t\t<div class=\"elementor-widget-container\">\n\t\t\t<style>\/*! elementor - v3.23.0 - 05-08-2024 *\/\n.elementor-widget-text-editor.elementor-drop-cap-view-stacked .elementor-drop-cap{background-color:#69727d;color:#fff}.elementor-widget-text-editor.elementor-drop-cap-view-framed .elementor-drop-cap{color:#69727d;border:3px solid;background-color:transparent}.elementor-widget-text-editor:not(.elementor-drop-cap-view-default) .elementor-drop-cap{margin-top:8px}.elementor-widget-text-editor:not(.elementor-drop-cap-view-default) .elementor-drop-cap-letter{width:1em;height:1em}.elementor-widget-text-editor .elementor-drop-cap{float:left;text-align:center;line-height:1;font-size:50px}.elementor-widget-text-editor .elementor-drop-cap-letter{display:inline-block}<\/style>\t\t\t\t<p class=\"has-text-align-center\">Sadullaho\u011flu A.\u015e. Der Schutz der Privatsph\u00e4re der Besucher (\u201eDateneigent\u00fcmer\u201c) der von (\u201eSadullaho\u011flu\u201c oder \u201eUnternehmen\u201c) betriebenen Website www.sadullahoglu.com ist einer der Leitprinzipien unseres Unternehmens. Mit der Datenschutzrichtlinie der Website (\u201eRichtlinie\u201c); Es werden Erl\u00e4uterungen zu (1) der Verarbeitung der personenbezogenen Daten der Dateninhaber, (2) der Cookie-Richtlinie und (3) der G\u00fcltigkeit der Datenschutzrichtlinie der Website gegeben.<\/p><ol><li>VERARBEITUNG PERSONENBEZOGENER DATEN DER DATENINHABER<br \/>Personenbezogene Daten, die Sie w\u00e4hrend Ihres Besuchs auf unserer Website erhalten, k\u00f6nnen von Sadullaho\u011flu gem\u00e4\u00df dem Gesetz zum Schutz personenbezogener Daten Nr. 6698 (\u201eGesetz\u201c) im nachstehend erl\u00e4uterten Umfang verarbeitet werden. Detaillierte Informationen zur Verarbeitung Ihrer personenbezogenen Daten finden Sie in der Richtlinie zum Schutz und zur Verarbeitung personenbezogener Daten von Sadullaho\u011flu Anonim \u015eirketi.<\/li><\/ol><p class=\"has-text-align-center\">ZWECK DER VERARBEITUNG IHRER PERSONENBEZOGENEN DATEN<br \/>Ihre durch den Besuch unserer Website erhaltenen personenbezogenen Daten werden von Sadullaho\u011flu im Rahmen der Durchf\u00fchrung der Abrechnungs- und Produktlieferungsprozesse im Falle eines Kaufs und der Bereitstellung der von Ihnen angeforderten Informationen \u00fcber das entsprechende Produkt verarbeitet, wenn Sie die Produktverfolgungsfunktion nutzen. sowie zu den unten aufgef\u00fchrten Zwecken gem\u00e4\u00df Artikel 5 des KVK-Gesetzes und k\u00f6nnen gem\u00e4\u00df Artikel 6 verarbeitet werden:<\/p><p class=\"has-text-align-center\">Planung und Umsetzung der Personalrichtlinien und -prozesse des Unternehmens,<br \/>Durchf\u00fchrung der notwendigen Arbeiten unserer Gesch\u00e4ftsbereiche und Durchf\u00fchrung der relevanten Gesch\u00e4ftsprozesse, damit relevante Personen von den vom Unternehmen angebotenen Produkten und Dienstleistungen profitieren k\u00f6nnen,<br \/>Planung und Durchf\u00fchrung der notwendigen Aktivit\u00e4ten, um die vom Unternehmen angebotenen Produkte und Dienstleistungen den relevanten Personen zu empfehlen und zu bewerben, indem sie an deren Geschmack, Nutzungsgewohnheiten und Bed\u00fcrfnisse angepasst werden,<br \/>Durchf\u00fchrung der notwendigen Arbeiten durch unsere relevanten Gesch\u00e4ftsbereiche zur Realisierung der vom Unternehmen ausge\u00fcbten kommerziellen Aktivit\u00e4ten und Durchf\u00fchrung der damit verbundenen Gesch\u00e4ftsprozesse,<br \/>Planung und Umsetzung der Handels- und Gesch\u00e4ftsstrategien des Unternehmens,<br \/>Gew\u00e4hrleistung der rechtlichen, technischen und kaufm\u00e4nnisch-beruflichen Sicherheit des Unternehmens und der relevanten Personen, die mit dem Unternehmen in Gesch\u00e4ftsbeziehung stehen.<br \/>Unser Unternehmen auch; Wenn Sie Ihre pers\u00f6nlichen Daten anfordern, k\u00f6nnen diese zum Zweck der Mitgliedschaftsregistrierung und um Sie \u00fcber unsere Aktionen zu informieren, verarbeitet werden.<\/p><p class=\"has-text-align-center\">PARTEIEN, AN DIE IHRE PERSONENBEZOGENEN DATEN \u00dcBERMITTELT WERDEN, UND ZWECK DER \u00dcBERTRAGUNG<br \/>Ihre durch Ihren Besuch auf unserer Website erhaltenen personenbezogenen Daten k\u00f6nnen im Rahmen der Bedingungen f\u00fcr die Verarbeitung personenbezogener Daten entsprechend den Zwecken, f\u00fcr die Ihre personenbezogenen Daten verarbeitet werden, an unsere Gesch\u00e4ftspartner, Lieferanten, gesetzlich zugelassene \u00f6ffentliche Einrichtungen und Privatpersonen weitergegeben werden und Zwecke gem\u00e4\u00df Artikel 8 und 9 des KVK-Gesetzes.<\/p><p class=\"has-text-align-center\">METHODE UND RECHTLICHER GRUND F\u00dcR DIE ERHEBUNG IHRER PERSONENBEZOGENEN DATEN<br \/>Alle Informationen, die Ihre Identit\u00e4t konkret oder identifizierbar machen, sind \u201epersonenbezogene Daten\u201c. Im Rahmen Ihres Besuchs auf unserer Website werden Ihre personenbezogenen Daten durch Cookies, bei denen es sich um technische Kommunikationsdateien handelt, gem\u00e4\u00df den im Gesetz festgelegten Datenverarbeitungsbedingungen erfasst.<\/p><p class=\"has-text-align-center\">RECHTE DER BETROFFENEN PERSONEN<br \/>Wir informieren Sie hiermit dar\u00fcber, dass Sie als Inhaber personenbezogener Daten gem\u00e4\u00df Artikel 11 des Gesetzes folgende Rechte haben:<\/p><p class=\"has-text-align-center\">Erfahren Sie, ob Ihre personenbezogenen Daten verarbeitet werden oder nicht,<br \/>Anfordern von Informationen, ob Ihre personenbezogenen Daten verarbeitet wurden,<br \/>Informieren Sie sich \u00fcber den Zweck der Verarbeitung Ihrer personenbezogenen Daten und dar\u00fcber, ob diese f\u00fcr den vorgesehenen Zweck verwendet werden.<br \/>Kenntnis der Dritten, an die Ihre personenbezogenen Daten im In- oder Ausland \u00fcbermittelt werden,<br \/>Aufforderung zur Berichtigung Ihrer personenbezogenen Daten, wenn diese fehlerhaft oder unvollst\u00e4ndig verarbeitet wurden, und Aufforderung, die in diesem Zusammenhang ergriffenen Ma\u00dfnahmen den Dritten mitzuteilen, an die Ihre personenbezogenen Daten \u00fcbermittelt wurden,<br \/>Die L\u00f6schung oder Vernichtung personenbezogener Daten zu verlangen, wenn die Gr\u00fcnde, die eine Verarbeitung erfordern, nicht mehr bestehen, auch wenn die Verarbeitung in \u00dcbereinstimmung mit dem Gesetz und anderen einschl\u00e4gigen Rechtsvorschriften erfolgt ist, und die Benachrichtigung der in diesem Zusammenhang ergriffenen Ma\u00dfnahmen an Dritte zu verlangen an wen Ihre personenbezogenen Daten \u00fcbermittelt wurden,<br \/>Einspruch einzulegen, wenn sich durch die Analyse der verarbeiteten Daten ausschlie\u00dflich durch automatische Systeme ein Ergebnis gegen Sie ergibt,<br \/>Fordern Sie Schadensersatz, wenn Ihnen durch eine rechtswidrige Verarbeitung Ihrer personenbezogenen Daten ein Schaden entsteht.<br \/>Sie k\u00f6nnen Ihre Antr\u00e4ge bez\u00fcglich Ihrer oben aufgef\u00fchrten Rechte bei unserem Unternehmen einreichen, indem Sie das Antragsformular \u201eSadullaho\u011flu Anonim \u015eirketi Data Owner\u201c ausf\u00fcllen. Abh\u00e4ngig von der Art Ihrer Anfrage werden Ihre Bewerbungen so schnell wie m\u00f6glich, sp\u00e4testens jedoch innerhalb von drei\u00dfig Tagen, kostenlos bearbeitet. Wenn f\u00fcr den Vorgang jedoch zus\u00e4tzliche Kosten anfallen, k\u00f6nnen Ihnen Geb\u00fchren gem\u00e4\u00df dem vom Personal Data Protection Board festgelegten Tarif in Rechnung gestellt werden.<\/p><p class=\"has-text-align-center\">Ma\u00dfnahmen zur Gew\u00e4hrleistung der Sicherheit der personenbezogenen Daten der betroffenen Personen<br \/>Im Einklang mit der Bedeutung, die unser Unternehmen dem Schutz personenbezogener Daten und der Gew\u00e4hrleistung der Datensicherheit beimisst, gem\u00e4\u00df Artikel 12 des Gesetzes, um die Datensicherheit unseres Unternehmens zu gew\u00e4hrleisten,<\/p><p class=\"has-text-align-center\">Um eine rechtswidrige Verarbeitung personenbezogener Daten zu verhindern,<br \/>Um einen unrechtm\u00e4\u00dfigen Zugriff auf personenbezogene Daten zu verhindern,<br \/>Um den Schutz personenbezogener Daten zu gew\u00e4hrleisten,<br \/>Es werden alle notwendigen technischen und administrativen Ma\u00dfnahmen ergriffen, um ein angemessenes Sicherheitsniveau zu gew\u00e4hrleisten.<\/p><ol start=\"2\"><li>COOKIE-RICHTLINIE<br \/>Wir verwenden Cookies, um Ihnen die bestm\u00f6gliche Nutzung unserer Website zu erm\u00f6glichen und Ihr Benutzererlebnis zu verbessern. Wenn Sie die Verwendung von Cookies nicht w\u00fcnschen, k\u00f6nnen Sie Cookies in Ihren Browsereinstellungen l\u00f6schen oder blockieren. Wir m\u00f6chten Sie jedoch daran erinnern, dass dies Auswirkungen auf Ihre Nutzung unserer Website haben kann. Sofern Sie Ihre Cookie-Einstellungen in Ihrem Browser nicht \u00e4ndern, gehen wir davon aus, dass Sie die Verwendung von Cookies auf dieser Website akzeptieren.<\/li><\/ol><p class=\"has-text-align-center\">WAS SIND COOKIES UND WARUM WERDEN SIE VERWENDET?<br \/>Cookies sind kleine Textdateien, die von den von Ihnen besuchten Websites \u00fcber Browser auf Ihrem Ger\u00e4t oder Netzwerkserver gespeichert werden.<br \/>Die Hauptzwecke der Verwendung von Cookies auf unserer Website sind nachstehend aufgef\u00fchrt:<\/p><p class=\"has-text-align-center\">Um die Ihnen angebotenen Dienste durch Erh\u00f6hung der Funktionalit\u00e4t und Leistung der Website zu verbessern,<br \/>Um die Website zu verbessern und neue Funktionen auf der Website anzubieten und die angebotenen Funktionen entsprechend Ihren Vorlieben zu personalisieren;<br \/>Um die rechtliche und kommerzielle Sicherheit der Website f\u00fcr Sie und unser Unternehmen zu gew\u00e4hrleisten.<br \/>ARTEN VON COOKIES, DIE AUF UNSERER WEBSITE VERWENDET WERDEN<br \/>Sitzungscookies<br \/>(Sitzungscookies) Sitzungscookies sind tempor\u00e4re Cookies, die von unseren Besuchern w\u00e4hrend ihres Besuchs auf der Website verwendet und nach dem Schlie\u00dfen des Browsers gel\u00f6scht werden. Der Hauptzweck der Verwendung solcher Cookies besteht darin, das ordnungsgem\u00e4\u00dfe Funktionieren der Website w\u00e4hrend Ihres Besuchs sicherzustellen. Zum Beispiel; Es ist Ihnen gestattet, Online-Formulare auszuf\u00fcllen, die aus mehreren Seiten bestehen.<br \/>Dauerhafte Cookies<br \/>(Persistente Cookies) Permanente Cookies sind Arten von Cookies, die dazu dienen, die Funktionalit\u00e4t der Website zu erh\u00f6hen und unseren Besuchern einen schnelleren und besseren Service zu bieten. Diese Arten von Cookies werden verwendet, um Ihre Pr\u00e4ferenzen zu speichern und werden \u00fcber Browser auf Ihrem Ger\u00e4t gespeichert Arten von dauerhaften Cookies; Es kann verwendet werden, um Ihnen spezielle Vorschl\u00e4ge zu unterbreiten, die beispielsweise Ihre beabsichtigte Nutzung der Website ber\u00fccksichtigen. Wenn Sie unsere Website erneut mit demselben Ger\u00e4t besuchen, wird \u00fcberpr\u00fcft, ob ein Cookie von uns erstellt wurde Wenn dies der Fall ist, wird davon ausgegangen, dass Sie die Website bereits besucht haben, und der an Sie zu liefernde Inhalt wird entsprechend bestimmt, um Ihnen einen besseren Service zu bieten.<br \/>AUF UNSERER WEBSITE VERWENDETE COOKIES<br \/>Technische Cookies<br \/>(Technische Cookies) Technische Cookies stellen den Betrieb der Website sicher und identifizieren nicht funktionierende Seiten und Bereiche der Website.<br \/>Authentifizierungscookies<br \/>(Authentifizierungs-Cookies) Wenn sich Besucher mit ihrem Passwort auf der Website anmelden, stellen diese Arten von Cookies auf jeder Seite, die er auf der Website besucht, fest, dass der Besucher ein Website-Benutzer ist, und verhindern, dass der Benutzer sein Passwort auf jeder Seite erneut eingeben muss.<br \/>Flash-Cookies<br \/>(Flash-Cookies) Hierbei handelt es sich um Arten von Cookies, die zur Aktivierung von Bild- oder Audioinhalten auf der Website verwendet werden.<br \/>Personalisierungs-Cookies<br \/>(Anpassungscookies) Hierbei handelt es sich um Cookies, die dazu dienen, die Pr\u00e4ferenzen der Benutzer beim Besuch verschiedener Seiten verschiedener Websites zu speichern. Merken Sie sich zum Beispiel Ihre gew\u00e4hlte Sprachpr\u00e4ferenz.<br \/>Analytische Cookies<br \/>(Analyse-Cookies) Analyse-Cookies sind Cookies, die die Erstellung analytischer Ergebnisse erm\u00f6glichen, wie z. B. die Anzahl der Besucher der Website, die Bestimmung der auf der Website aufgerufenen Seiten, die Besuchszeiten der Website und die Scrollbewegungen der Website-Seiten.<br \/>Kann die Verwendung von Cookies durch die betroffenen Personen blockiert werden?<br \/>Sie haben die M\u00f6glichkeit, Ihre Pr\u00e4ferenzen bez\u00fcglich Cookies zu personalisieren, indem Sie die Einstellungen Ihres Browsers \u00e4ndern.<\/p><p class=\"has-text-align-center\">Adobe Analytics http:\/\/www.adobe.com\/uk\/privacy\/opt-out.html<br \/>AOL https:\/\/help.aol.com\/articles\/restore-security-settings-and-enable-cookie-settings-on-browser<br \/>Google Adwords https:\/\/support.google.com\/ads\/answer\/2662922?hl=de<br \/>Google Analytics https:\/\/tools.google.com\/dlpage\/gaoptout<br \/>Google Chrome http:\/\/www.google.com\/support\/chrome\/bin\/answer.py?hl=de&amp;answer=95647<br \/>Internet Explorer https:\/\/support.microsoft.com\/en-us\/help\/17442\/windows-internet-explorer-delete-manage-cookies<br \/>MozillaFirefox http:\/\/support.mozilla.com\/en-US\/kb\/Cookies<br \/>Opera http:\/\/www.opera.com\/browser\/tutorials\/security\/privacy\/<br \/>Safari https:\/\/support.apple.com\/kb\/ph19214?locale=tr_TR<\/p><ol start=\"3\"><li>DURCHSETZUNG DER DATENSCHUTZRICHTLINIEN DER WEBSITE<br \/>Die Datenschutzerkl\u00e4rung der Website ist vom 05.07.2018. Wenn die gesamte Richtlinie oder bestimmte Artikel erneuert werden, wird das Datum des Inkrafttretens der Richtlinie aktualisiert.<\/li><\/ol><p class=\"has-text-align-center\">Die Richtlinie wird auf der Sadullaho\u011flu-Website (www.sadullahoglu.com) ver\u00f6ffentlicht und auf Anfrage der Eigent\u00fcmer personenbezogener Daten relevanten Personen zur Verf\u00fcgung gestellt.<\/p><p class=\"has-text-align-center\">Detaillierte Informationen zur Verarbeitung Ihrer personenbezogenen Daten finden Sie in der Richtlinie zum Schutz und zur Verarbeitung personenbezogener Daten von Sadullaho\u011flu Anonim \u015eirketi.<\/p>\t\t\t\t\t\t<\/div>\n\t\t\t\t<\/div>\n\t\t\t\t\t<\/div>\n\t\t\t\t<\/div>\n\t\t\t\t<\/div>","protected":false},"excerpt":{"rendered":"<p>Gizlilik S\u00f6zle\u015fmesi Sadullaho\u011flu A.\u015e. (\u201cSadullaho\u011flu\u201d veya \u201c\u015eirket\u201d) taraf\u0131ndan i\u015fletilen i\u015fletti\u011fi www.sadullahoglu.com internet sitesini ziyaret edenlerin (\u201cVeri Sahibi\u201d) gizlili\u011fini korumak \u015eirketimizin \u00f6nde gelen ilkelerindendir. \u0130nternet Sitesi Gizlilik Politikas\u0131 (\u201cPolitika\u201d) ile; (1) Veri Sahiplerinin ki\u015fisel verilerinin i\u015flenmesi, (2) \u00c7erez Politikas\u0131 ve (3) \u0130nternet Sitesi Gizlilik Politikas\u0131\u2019n\u0131n y\u00fcr\u00fcrl\u00fc\u011f\u00fc hakk\u0131nda a\u00e7\u0131klamalar yap\u0131lmaktad\u0131r. VER\u0130 SAH\u0130PLER\u0130N\u0130N K\u0130\u015e\u0130SEL VER\u0130LER\u0130N\u0130N \u0130\u015eLENMES\u0130\u0130nternet sitemizi ziyaret&hellip;<\/p>","protected":false},"author":1,"featured_media":0,"parent":0,"menu_order":0,"comment_status":"closed","ping_status":"closed","template":"","meta":{"footnotes":""},"class_list":["post-5064","page","type-page","status-publish","hentry"],"yoast_head":"<!-- This site is optimized with the Yoast SEO plugin v23.2 - https:\/\/yoast.com\/wordpress\/plugins\/seo\/ -->\n<title>Gizlilik S\u00f6zle\u015fmesi - Sadullaho\u011flu | Alfemo<\/title>\n<meta name=\"robots\" content=\"index, follow, max-snippet:-1, max-image-preview:large, max-video-preview:-1\" \/>\n<link rel=\"canonical\" href=\"https:\/\/alfemo.sadullahoglu.com\/de\/gizlilik-sozlesmesi\/\" \/>\n<meta property=\"og:locale\" content=\"de_DE\" \/>\n<meta property=\"og:type\" content=\"article\" \/>\n<meta property=\"og:title\" content=\"Gizlilik S\u00f6zle\u015fmesi - Sadullaho\u011flu | Alfemo\" \/>\n<meta property=\"og:description\" content=\"Gizlilik S\u00f6zle\u015fmesi Sadullaho\u011flu A.\u015e. (\u201cSadullaho\u011flu\u201d veya \u201c\u015eirket\u201d) taraf\u0131ndan i\u015fletilen i\u015fletti\u011fi www.sadullahoglu.com internet sitesini ziyaret edenlerin (\u201cVeri Sahibi\u201d) gizlili\u011fini korumak \u015eirketimizin \u00f6nde gelen ilkelerindendir. \u0130nternet Sitesi Gizlilik Politikas\u0131 (\u201cPolitika\u201d) ile; (1) Veri Sahiplerinin ki\u015fisel verilerinin i\u015flenmesi, (2) \u00c7erez Politikas\u0131 ve (3) \u0130nternet Sitesi Gizlilik Politikas\u0131\u2019n\u0131n y\u00fcr\u00fcrl\u00fc\u011f\u00fc hakk\u0131nda a\u00e7\u0131klamalar yap\u0131lmaktad\u0131r. VER\u0130 SAH\u0130PLER\u0130N\u0130N K\u0130\u015e\u0130SEL VER\u0130LER\u0130N\u0130N \u0130\u015eLENMES\u0130\u0130nternet sitemizi ziyaret&hellip;\" \/>\n<meta property=\"og:url\" content=\"https:\/\/alfemo.sadullahoglu.com\/de\/gizlilik-sozlesmesi\/\" \/>\n<meta property=\"og:site_name\" content=\"Sadullaho\u011flu | Alfemo\" \/>\n<meta property=\"article:modified_time\" content=\"2024-08-19T00:45:47+00:00\" \/>\n<meta name=\"twitter:card\" content=\"summary_large_image\" \/>\n<meta name=\"twitter:label1\" content=\"Gesch\u00e4tzte Lesezeit\" \/>\n\t<meta name=\"twitter:data1\" content=\"7\u00a0Minuten\" \/>\n<script type=\"application\/ld+json\" class=\"yoast-schema-graph\">{\"@context\":\"https:\/\/schema.org\",\"@graph\":[{\"@type\":\"WebPage\",\"@id\":\"https:\/\/alfemo.sadullahoglu.com\/gizlilik-sozlesmesi\/\",\"url\":\"https:\/\/alfemo.sadullahoglu.com\/gizlilik-sozlesmesi\/\",\"name\":\"Gizlilik S\u00f6zle\u015fmesi - Sadullaho\u011flu | Alfemo\",\"isPartOf\":{\"@id\":\"https:\/\/alfemo.sadullahoglu.com\/#website\"},\"datePublished\":\"2024-08-19T00:45:01+00:00\",\"dateModified\":\"2024-08-19T00:45:47+00:00\",\"breadcrumb\":{\"@id\":\"https:\/\/alfemo.sadullahoglu.com\/gizlilik-sozlesmesi\/#breadcrumb\"},\"inLanguage\":\"de\",\"potentialAction\":[{\"@type\":\"ReadAction\",\"target\":[\"https:\/\/alfemo.sadullahoglu.com\/gizlilik-sozlesmesi\/\"]}]},{\"@type\":\"BreadcrumbList\",\"@id\":\"https:\/\/alfemo.sadullahoglu.com\/gizlilik-sozlesmesi\/#breadcrumb\",\"itemListElement\":[{\"@type\":\"ListItem\",\"position\":1,\"name\":\"Anasayfa\",\"item\":\"https:\/\/alfemo.sadullahoglu.com\/\"},{\"@type\":\"ListItem\",\"position\":2,\"name\":\"Gizlilik S\u00f6zle\u015fmesi\"}]},{\"@type\":\"WebSite\",\"@id\":\"https:\/\/alfemo.sadullahoglu.com\/#website\",\"url\":\"https:\/\/alfemo.sadullahoglu.com\/\",\"name\":\"Sadullaho\u011flu | Alfemo\",\"description\":\"Sadullaho\u011flu | Alfemo\",\"potentialAction\":[{\"@type\":\"SearchAction\",\"target\":{\"@type\":\"EntryPoint\",\"urlTemplate\":\"https:\/\/alfemo.sadullahoglu.com\/?s={search_term_string}\"},\"query-input\":\"required name=search_term_string\"}],\"inLanguage\":\"de\"}]}<\/script>\n<!-- \/ Yoast SEO plugin. -->","yoast_head_json":{"title":"Gizlilik S\u00f6zle\u015fmesi - Sadullaho\u011flu | Alfemo","robots":{"index":"index","follow":"follow","max-snippet":"max-snippet:-1","max-image-preview":"max-image-preview:large","max-video-preview":"max-video-preview:-1"},"canonical":"https:\/\/alfemo.sadullahoglu.com\/de\/gizlilik-sozlesmesi\/","og_locale":"de_DE","og_type":"article","og_title":"Gizlilik S\u00f6zle\u015fmesi - Sadullaho\u011flu | Alfemo","og_description":"Gizlilik S\u00f6zle\u015fmesi Sadullaho\u011flu A.\u015e. (\u201cSadullaho\u011flu\u201d veya \u201c\u015eirket\u201d) taraf\u0131ndan i\u015fletilen i\u015fletti\u011fi www.sadullahoglu.com internet sitesini ziyaret edenlerin (\u201cVeri Sahibi\u201d) gizlili\u011fini korumak \u015eirketimizin \u00f6nde gelen ilkelerindendir. \u0130nternet Sitesi Gizlilik Politikas\u0131 (\u201cPolitika\u201d) ile; (1) Veri Sahiplerinin ki\u015fisel verilerinin i\u015flenmesi, (2) \u00c7erez Politikas\u0131 ve (3) \u0130nternet Sitesi Gizlilik Politikas\u0131\u2019n\u0131n y\u00fcr\u00fcrl\u00fc\u011f\u00fc hakk\u0131nda a\u00e7\u0131klamalar yap\u0131lmaktad\u0131r. VER\u0130 SAH\u0130PLER\u0130N\u0130N K\u0130\u015e\u0130SEL VER\u0130LER\u0130N\u0130N \u0130\u015eLENMES\u0130\u0130nternet sitemizi ziyaret&hellip;","og_url":"https:\/\/alfemo.sadullahoglu.com\/de\/gizlilik-sozlesmesi\/","og_site_name":"Sadullaho\u011flu | Alfemo","article_modified_time":"2024-08-19T00:45:47+00:00","twitter_card":"summary_large_image","twitter_misc":{"Gesch\u00e4tzte Lesezeit":"7\u00a0Minuten"},"schema":{"@context":"https:\/\/schema.org","@graph":[{"@type":"WebPage","@id":"https:\/\/alfemo.sadullahoglu.com\/gizlilik-sozlesmesi\/","url":"https:\/\/alfemo.sadullahoglu.com\/gizlilik-sozlesmesi\/","name":"Gizlilik S\u00f6zle\u015fmesi - Sadullaho\u011flu | Alfemo","isPartOf":{"@id":"https:\/\/alfemo.sadullahoglu.com\/#website"},"datePublished":"2024-08-19T00:45:01+00:00","dateModified":"2024-08-19T00:45:47+00:00","breadcrumb":{"@id":"https:\/\/alfemo.sadullahoglu.com\/gizlilik-sozlesmesi\/#breadcrumb"},"inLanguage":"de","potentialAction":[{"@type":"ReadAction","target":["https:\/\/alfemo.sadullahoglu.com\/gizlilik-sozlesmesi\/"]}]},{"@type":"BreadcrumbList","@id":"https:\/\/alfemo.sadullahoglu.com\/gizlilik-sozlesmesi\/#breadcrumb","itemListElement":[{"@type":"ListItem","position":1,"name":"Anasayfa","item":"https:\/\/alfemo.sadullahoglu.com\/"},{"@type":"ListItem","position":2,"name":"Gizlilik S\u00f6zle\u015fmesi"}]},{"@type":"WebSite","@id":"https:\/\/alfemo.sadullahoglu.com\/#website","url":"https:\/\/alfemo.sadullahoglu.com\/","name":"Sadullaho\u011flu | Alfemo","description":"Sadullaho\u011flu | Alfemo","potentialAction":[{"@type":"SearchAction","target":{"@type":"EntryPoint","urlTemplate":"https:\/\/alfemo.sadullahoglu.com\/?s={search_term_string}"},"query-input":"required name=search_term_string"}],"inLanguage":"de"}]}},"_links":{"self":[{"href":"https:\/\/alfemo.sadullahoglu.com\/de\/wp-json\/wp\/v2\/pages\/5064","targetHints":{"allow":["GET"]}}],"collection":[{"href":"https:\/\/alfemo.sadullahoglu.com\/de\/wp-json\/wp\/v2\/pages"}],"about":[{"href":"https:\/\/alfemo.sadullahoglu.com\/de\/wp-json\/wp\/v2\/types\/page"}],"author":[{"embeddable":true,"href":"https:\/\/alfemo.sadullahoglu.com\/de\/wp-json\/wp\/v2\/users\/1"}],"replies":[{"embeddable":true,"href":"https:\/\/alfemo.sadullahoglu.com\/de\/wp-json\/wp\/v2\/comments?post=5064"}],"version-history":[{"count":4,"href":"https:\/\/alfemo.sadullahoglu.com\/de\/wp-json\/wp\/v2\/pages\/5064\/revisions"}],"predecessor-version":[{"id":5068,"href":"https:\/\/alfemo.sadullahoglu.com\/de\/wp-json\/wp\/v2\/pages\/5064\/revisions\/5068"}],"wp:attachment":[{"href":"https:\/\/alfemo.sadullahoglu.com\/de\/wp-json\/wp\/v2\/media?parent=5064"}],"curies":[{"name":"wp","href":"https:\/\/api.w.org\/{rel}","templated":true}]}}