{"id":5074,"date":"2024-08-19T03:47:18","date_gmt":"2024-08-19T00:47:18","guid":{"rendered":"https:\/\/alfemo.sadullahoglu.com\/?page_id=5074"},"modified":"2024-08-20T00:02:50","modified_gmt":"2024-08-19T21:02:50","slug":"mesafeli-satis-sozlesmesi","status":"publish","type":"page","link":"https:\/\/alfemo.sadullahoglu.com\/de\/mesafeli-satis-sozlesmesi\/","title":{"rendered":"Fernabsatzvertrag"},"content":{"rendered":"<div data-elementor-type=\"wp-page\" data-elementor-id=\"5074\" class=\"elementor elementor-5074\" data-elementor-post-type=\"page\">\n\t\t\t\t<div class=\"elementor-element elementor-element-5a5af42 e-flex e-con-boxed e-con e-parent\" data-id=\"5a5af42\" data-element_type=\"container\">\n\t\t\t\t\t<div class=\"e-con-inner\">\n\t\t\t\t<div class=\"elementor-element elementor-element-b32543d elementor-widget elementor-widget-heading\" data-id=\"b32543d\" data-element_type=\"widget\" data-widget_type=\"heading.default\">\n\t\t\t\t<div class=\"elementor-widget-container\">\n\t\t\t<style>\/*! elementor - v3.23.0 - 05-08-2024 *\/\n.elementor-heading-title{padding:0;margin:0;line-height:1}.elementor-widget-heading .elementor-heading-title[class*=elementor-size-]>a{color:inherit;font-size:inherit;line-height:inherit}.elementor-widget-heading .elementor-heading-title.elementor-size-small{font-size:15px}.elementor-widget-heading .elementor-heading-title.elementor-size-medium{font-size:19px}.elementor-widget-heading .elementor-heading-title.elementor-size-large{font-size:29px}.elementor-widget-heading .elementor-heading-title.elementor-size-xl{font-size:39px}.elementor-widget-heading .elementor-heading-title.elementor-size-xxl{font-size:59px}<\/style><h2 class=\"elementor-heading-title elementor-size-default\">Fernabsatzvertrag\n<\/h2>\t\t<\/div>\n\t\t\t\t<\/div>\n\t\t\t\t<div class=\"elementor-element elementor-element-49e53b4 elementor-widget elementor-widget-text-editor\" data-id=\"49e53b4\" data-element_type=\"widget\" data-widget_type=\"text-editor.default\">\n\t\t\t\t<div class=\"elementor-widget-container\">\n\t\t\t<style>\/*! elementor - v3.23.0 - 05-08-2024 *\/\n.elementor-widget-text-editor.elementor-drop-cap-view-stacked .elementor-drop-cap{background-color:#69727d;color:#fff}.elementor-widget-text-editor.elementor-drop-cap-view-framed .elementor-drop-cap{color:#69727d;border:3px solid;background-color:transparent}.elementor-widget-text-editor:not(.elementor-drop-cap-view-default) .elementor-drop-cap{margin-top:8px}.elementor-widget-text-editor:not(.elementor-drop-cap-view-default) .elementor-drop-cap-letter{width:1em;height:1em}.elementor-widget-text-editor .elementor-drop-cap{float:left;text-align:center;line-height:1;font-size:50px}.elementor-widget-text-editor .elementor-drop-cap-letter{display:inline-block}<\/style>\t\t\t\t<p>ARTIKEL 1 \u2013 PARTEIEN<\/p><p>1.1. VERKAUFSPERSON:<\/p><p>Titel: Sadullaho\u011flu TUR.\u0130N\u015e.DAY.T\u00dcK.MALLARI PAZ.SAN VE T\u0130C A.\u015e.<br \/>Adresse: Cumhuriyet Mah. Oba Cad. Nr.:2\/A ALANYA\/ANTALYA<br \/>Tel.: (242) 515 17 17<br \/>Fax: (242) 515 28 08<br \/>E-Mail: musterihizmetleri@sadullahoglu.com<br \/>1.2- K\u00c4UFER<\/p><p>Name, Nachname \/ Titel: \u2026\u2026<br \/>Adresse: \u2026\u2026<br \/>Tel.: \u2026\u2026<br \/>E-Mail: \u2026\u2026<br \/>ARTIKEL 2 \u2013 VERTRAGSGEGENSTAND<\/p><p>Gegenstand dieser Vereinbarung ist das Verbraucherschutzgesetz Nr. 6502 und das Gesetz Nr. 27866 vom 06.03.2011 \u00fcber den Verkauf, die Lieferung und den Einkaufsprozess des Produkts, dessen Eigenschaften und Verkaufspreis unten angegeben sind und das der K\u00e4ufer elektronisch bei bestellt hat Website des Verk\u00e4ufers www.sadullahoglu.com Es stellt die Festlegung der Rechte und Pflichten der Parteien gem\u00e4\u00df den Bestimmungen der im Amtsblatt Nr. ver\u00f6ffentlichten Verordnung \u00fcber Fernabsatzvertr\u00e4ge dar.<\/p><p>ARTIKEL 3 \u2013 INFORMATIONEN ZUM GEKAUFTEN PRODUKT<\/p><p>3.1. Verkaufspreis in t\u00fcrkischen Lira, einschlie\u00dflich Marke und Modell des Produkts, Farbe, Menge, Garantiezeitraum und aller Steuern:<\/p><p>Produktname Marke Farbe Garantiezeitraum Menge Verkaufspreis (inkl. MwSt.) Gesamt<br \/>\u2026 \u2026 \u2026 \u2026 \u2026 \u2026.. TL \u2026.. TL<br \/>Gesamtverkaufspreis inklusive Mehrwertsteuer: \u2026 TL.<br \/>3.2. Zahlungsmethode: PER \u00dcBERWEISUNG \/ EFT oder KREDITKARTE .. Ratenzahlungstransaktion*.<\/p><ul><li>Durch die Organisation von Kampagnen kann Ihre Bank eine h\u00f6here Ratenanzahl als die von Ihnen gew\u00e4hlte Ratenanzahl verlangen und Dienstleistungen wie zus\u00e4tzliche Raten und\/oder Zahlungsaufschub anbieten. Solche Kampagnen liegen im Ermessen Ihrer Bank. In diesem Fall ist der Verbraucher f\u00fcr etwaige versp\u00e4tete Zahlungen, Provisionen oder Geb\u00fchren verantwortlich, die von der Bank unter anderem Namen erhoben werden.<\/li><\/ul><p>** Ab dem Abrechnungsdatum Ihrer Kreditkarte wird der Gesamtbetrag der Bestellung durch die Anzahl der von Ihnen gew\u00e4hlten Raten geteilt und von Ihrer Bank auf Ihrer Kreditkartenabrechnung ausgewiesen. Unter Ber\u00fccksichtigung der Bruchteile kann es vorkommen, dass die Bank die Ratenbetr\u00e4ge nicht gleichm\u00e4\u00dfig auf die Monate verteilt.<\/p><p>*** Da der Verbraucher die Kaufabwicklung in Raten mit einer Kreditkarte einer Bank abschlie\u00dft, wird der Verbraucher im Falle einer versp\u00e4teten Zahlung der Raten die von der Bank anzuwendenden Verzugszinss\u00e4tze unverz\u00fcglich von der Bank best\u00e4tigen lassen, bei der er t\u00e4tig ist Die Transaktion wird durchgef\u00fchrt, und in \u00dcbereinstimmung mit den Bestimmungen der geltenden Gesetzgebung werden die Bestimmungen bez\u00fcglich der Verzugszinsen zwischen der Bank und der Kreditkarte vereinbart. Er akzeptiert, erkl\u00e4rt und verpflichtet sich, dass er wei\u00df, dass sie im Rahmen des Geltungsbereichs umgesetzt werden des Vertrags.<\/p><p>ARTIKEL 4 \u2013 ALLGEMEINE BESTIMMUNGEN<\/p><p>4.1. Vor Abschluss dieser Vereinbarung muss der K\u00e4ufer die grundlegenden Eigenschaften des Produkts, den Verkaufspreis, die Zahlungsmethode, die Lieferinformationen und alle Informationen zum Produkt\/Dienstleistung kennen, einschlie\u00dflich, aber nicht beschr\u00e4nkt auf das in Artikel 3 dieser Vereinbarung genannte Produkt\/Dienstleistung Die vom Verk\u00e4ufer auf der Produktseite bereitgestellte Vereinbarung akzeptiert und erkl\u00e4rt, dass er die relevanten Informationen gelesen und verstanden hat und die erforderliche Best\u00e4tigung elektronisch abgegeben hat, bevor er diese Vereinbarung abschlie\u00dft.<\/p><p>4.2. Der K\u00e4ufer akzeptiert, erkl\u00e4rt und verpflichtet sich, dass er\/sie die vorl\u00e4ufigen Informationen und Informationsformulare best\u00e4tigt hat, die er\/sie in Bezug auf das Produkt\/die Dienstleistung vor diesem Vertrag bereitgestellt hat.<\/p><p>4.3. Das vertragsgegenst\u00e4ndliche Produkt wird dem K\u00e4ufer oder der Person\/Organisation an der angegebenen Adresse innerhalb der in den vorl\u00e4ufigen Informationen auf der Produktseite angegebenen Frist geliefert, abh\u00e4ngig von der Entfernung des Wohnsitzes des K\u00e4ufers f\u00fcr jedes Produkt, sofern dies nicht der Fall ist die gesetzliche Frist von 30 Tagen \u00fcberschreiten.<\/p><p>4.4. Soll das vertragsgegenst\u00e4ndliche Produkt an eine andere Person\/Organisation als den K\u00e4ufer geliefert werden, kann der Verk\u00e4ufer nicht haftbar gemacht werden, wenn die zu liefernde Person\/Organisation die Lieferung nicht annimmt.<\/p><p>4.5. Der Verk\u00e4ufer ist daf\u00fcr verantwortlich, das vertragsgegenst\u00e4ndliche Produkt ordnungsgem\u00e4\u00df und vollst\u00e4ndig gem\u00e4\u00df den in dieser Vereinbarung festgelegten Qualifikationen sowie den Garantiedokumenten und Benutzerhandb\u00fcchern zu liefern.<\/p><p>4.6. F\u00fcr die Lieferung des vertragsgegenst\u00e4ndlichen Produkts ist die elektronische Genehmigung dieses Vertrages und die Zahlung des Verkaufspreises mit der vom K\u00e4ufer bevorzugten Zahlungsart erforderlich. Wenn der Produktpreis aus irgendeinem Grund nicht bezahlt oder storniert wird, ist der Verk\u00e4ufer von der Verpflichtung zur Lieferung des Produkts entbunden.<\/p><p>4.7. Wenn nach Zahlung des Preises des vertragsgegenst\u00e4ndlichen Produkts an den Verk\u00e4ufer behauptet wird, dass die Kreditkarte, mit der der Kauf get\u00e4tigt wurde, von Unbefugten ungerechtfertigt oder rechtswidrig verwendet wurde, muss der Verk\u00e4ufer innerhalb von vierzehn (14) Tagen Stellen Sie sicher, dass das vertragsgegenst\u00e4ndliche Produkt unbesch\u00e4digt ist, mit Ausnahme von Ver\u00e4nderungen und Verschlechterungen, die durch den normalen Gebrauch entstehen. Wird das Produkt nicht an ihn geliefert, erstattet er den Preis nicht.<\/p><p>4.8. Zus\u00e4tzlich zu den Bedingungen dieser Vereinbarung akzeptieren, erkl\u00e4ren und verpflichten sich die Parteien, dass sie die Bestimmungen des Verbraucherschutzgesetzes Nr. 6502 und der Verordnung \u00fcber Fernabsatzvertr\u00e4ge akzeptieren und dass sie in \u00dcbereinstimmung mit diesen Bestimmungen handeln werden.<\/p><p>4.9. Alle Artikel dieser Vereinbarung wurden vom Verk\u00e4ufer und vom K\u00e4ufer gelesen und akzeptiert, und diese Vereinbarung tritt an dem Tag in Kraft, an dem sie vom K\u00e4ufer elektronisch genehmigt wird.<\/p><p>ARTIKEL 5 \u2013 LIEFERART DES PRODUKTS UND VERSANDKOSTEN<\/p><p>Die Lieferung erfolgt pers\u00f6nlich \u00fcber das Frachtunternehmen an die oben angegebene Adresse des K\u00e4ufers. Auch wenn der K\u00e4ufer zum Zeitpunkt der Lieferung nicht an der Adresse anwesend ist, wird davon ausgegangen, dass der Verk\u00e4ufer seine Verpflichtung vollst\u00e4ndig und vollst\u00e4ndig erf\u00fcllt hat. Aus diesem Grund gehen alle Sch\u00e4den, die durch den versp\u00e4teten Erhalt des Produkts durch den K\u00e4ufer entstehen, und die Kosten, die durch das Warten des Produkts im Frachtunternehmen und\/oder die R\u00fccksendung der Fracht an den Verk\u00e4ufer entstehen, zu Lasten des K\u00e4ufers.<\/p><p>Bei einigen Produkten tr\u00e4gt der K\u00e4ufer die Verpackungs-, Versand- und Lieferkosten. Die Versandkosten betragen \u2026 TL und der Versandpreis wird zum Gesamtbetrag der Bestellung addiert. Es ist nicht im Produktpreis enthalten.<\/p><p>Einige Haushaltsger\u00e4te werden vom Alfemo-Hauptlager an die Adresse des Verk\u00e4ufers oder an den n\u00e4chstgelegenen autorisierten Alfemo-Service geschickt. Die Lieferzeiten f\u00fcr solche Produkte k\u00f6nnen zwischen 7 und 14 Tagen betragen. Wenn die Produkte, die eine Serviceinstallation erfordern, vom K\u00e4ufer ohne Serviceeingriff ge\u00f6ffnet werden, gilt dies als Versto\u00df gegen die Garantiebestimmungen und der Verk\u00e4ufer kann nicht f\u00fcr etwaige Probleme haftbar gemacht werden, die am Produkt auftreten k\u00f6nnen.<\/p><p>ARTIKEL 6 \u2013 WIDERRUFSRECHT<\/p><p>Der K\u00e4ufer hat das Recht, innerhalb von vierzehn (14) Tagen nach Lieferung des vertragsgegenst\u00e4ndlichen Produkts an ihn selbst oder an die Person\/Organisation an der angegebenen Adresse ohne Angabe von Gr\u00fcnden und ohne Zahlung einer Vertragsstrafe vom Vertrag zur\u00fcckzutreten. Es reicht aus, dass Sie uns innerhalb dieser Frist schriftlich oder auf einem dauerhaften Datentr\u00e4ger \u00fcber die Aus\u00fcbung des Widerrufsrechts informieren.<\/p><p>Der Verk\u00e4ufer wird den gesamten erhaltenen Preis und alle Dokumente, die den Verbraucher schulden, sp\u00e4testens innerhalb von zehn (10) Tagen ab dem Datum, an dem die Widerrufserkl\u00e4rung des K\u00e4ufers eingegangen ist, zur\u00fcckerstatten, ohne dass dem Verbraucher hierf\u00fcr Kosten entstehen die Ware innerhalb von zwanzig Tagen zur\u00fccksenden. Die Versandkosten f\u00fcr das aufgrund des Widerrufsrechts zur\u00fcckgegebene Produkt werden vom Verk\u00e4ufer \u00fcbernommen.<\/p><p>\u201eDer Verbraucher hat das Recht, innerhalb von vierzehn (14) Tagen ab dem Datum des Erhalts oder der Unterzeichnung des Vertrags vom Vertrag zur\u00fcckzutreten, indem er die Waren oder Dienstleistungen ablehnt, ohne dass ihm eine rechtliche oder strafrechtliche Haftung zusteht und ohne Angabe von Gr\u00fcnden, und wir verpflichten uns dazu die Ware ab dem Datum des Erhalts der Widerrufserkl\u00e4rung beim Verk\u00e4ufer\/Lieferanten zur\u00fcckzunehmen.<\/p><ul><li>F\u00fcr etwaige Ver\u00e4nderungen oder Verschlechterungen, die durch die bestimmungsgem\u00e4\u00dfe Verwendung der Ware innerhalb der Widerrufsfrist eintreten, ist der Verbraucher nicht verantwortlich.<\/li><\/ul><p>** Damit die R\u00fcckerstattung gem\u00e4\u00df Artikel 4 der Allgemeinen Mitteilung Nr. 385 des Steuerverfahrensgesetzes erfolgen kann, m\u00fcssen Sie Ihren vollst\u00e4ndigen Vor- und Nachnamen sowie Ihre Adresse in den R\u00fcckerstattungsabschnitt eintragen, der unten auf der Rechnung ge\u00f6ffnet wird Die Ihnen zugesandte Ware sowie die Art, Menge und der St\u00fcckpreis der zur\u00fcckgesendeten Ware m\u00fcssen Sie unter Angabe der Menge und des Betrags unterschrieben mit dem Produkt an uns zur\u00fccksenden.<\/p><p>*** Im Falle der Lieferung von Waren oder der Erbringung von Dienstleistungen, die nicht vom K\u00e4ufer bestellt wurden, kann der Verk\u00e4ufer keine Anspr\u00fcche gegen den K\u00e4ufer geltend machen, unbeschadet der Situationen im Zusammenhang mit der Nutzung des Produkts oder der Inanspruchnahme der Dienstleistung.<\/p><p>ARTIKEL 7 \u2013 PRODUKTE UND VERTR\u00c4GE, F\u00dcR DIE DAS WIDERRUFSRECHT NICHT AUSGE\u00dcBT WERDEN KANN<\/p><p>F\u00fcr folgende Produkte kann der K\u00e4ufer sein Widerrufsrecht nicht aus\u00fcben:<\/p><p>6.1. Dienstleistungsvertr\u00e4ge, bei denen die Ausf\u00fchrung der Dienstleistung mit Zustimmung des Verbrauchers vor Ablauf des Widerrufsrechts beginnt,<\/p><p>6.2. Vertr\u00e4ge \u00fcber Waren, deren Preise an der B\u00f6rse oder anderen organisierten M\u00e4rkten festgelegt werden,<\/p><p>6.3. Vertr\u00e4ge zur Lieferung von Waren, die nach den W\u00fcnschen des Verbrauchers oder eindeutig auf seine pers\u00f6nlichen Bed\u00fcrfnisse zugeschnitten sind, aufgrund ihrer Beschaffenheit nicht f\u00fcr eine R\u00fccksendung geeignet sind und bei denen die Gefahr besteht, dass sie schnell verderben oder deren Verfallsdatum \u00fcberschritten wird,<\/p><p>6.4. Vertr\u00e4ge \u00fcber Audio- oder Videoaufzeichnungen, Softwareprogramme und Computerverbrauchsmaterialien, sofern die Verpackung vom Verbraucher ge\u00f6ffnet wurde,<\/p><p>6.5. Vertr\u00e4ge \u00fcber die Lieferung von Zeitschriften wie Zeitungen und Zeitschriften.<\/p><p>6.6. Vertr\u00e4ge \u00fcber die Erbringung von Dienstleistungen im Zusammenhang mit Wetten und Lotterien.<\/p><p>6.7. Vertr\u00e4ge \u00fcber Dienstleistungen, die sofort elektronisch erbracht werden, und \u00fcber immaterielle Waren, die dem Verbraucher sofort geliefert werden.<\/p><p>6.8. Produkte, die \u00fcber IMEI- und Seriennummern verf\u00fcgen und kopiert werden k\u00f6nnen, wie z. B. Mobiltelefone, sind nach dem \u00d6ffnen ihrer Verpackung von der R\u00fcckgabe ausgeschlossen.<\/p><p>ARTIKEL 8 \u2013 R\u00dcCKGABEVERFAHREN DES PRODUKTPREISES<\/p><p>8.1. Wenn der Kauf per Kreditkarte und in Raten erfolgt;<\/p><p>In F\u00e4llen, in denen der K\u00e4ufer von seinem Widerrufsrecht Gebrauch macht, oder wenn das bestellte Produkt aus verschiedenen Gr\u00fcnden nicht geliefert werden kann oder wenn dem Verbraucher durch die Entscheidung des Schiedsausschusses oder des Verbrauchergerichts eine R\u00fcckerstattung zuerkannt wird, zahlt der Verk\u00e4ufer die R\u00fcckerstattungsgeb\u00fchr sofort an die Bank \u00fcberweisen. Hat der K\u00e4ufer das Produkt in der gleichen Anzahl an Raten erworben, zahlt die Bank dem Kunden die R\u00fcckzahlung in der gleichen Anzahl an Raten aus. Jeden Monat wird eine R\u00fcckerstattung auf der Karte angezeigt. Der R\u00fcckerstattungszeitraum betr\u00e4gt so viele Monate wie die Anzahl der Raten, die der K\u00e4ufer vor der R\u00fcckerstattung gezahlt hat, und diese R\u00fcckerstattungen werden von seinen aktuellen Schulden abgezogen.<\/p><p>Im Falle der R\u00fcckgabe von Waren und Dienstleistungen, die per Kredit- oder Debitkarte gekauft wurden, kann der Verk\u00e4ufer den K\u00e4ufer nicht in bar bezahlen. Der K\u00e4ufer erkl\u00e4rt und verpflichtet sich, dieses Verfahren gelesen und akzeptiert zu haben.<\/p><p>8.2. Wenn der Kauf per Nachnahme oder als Zahlungsoption per \u00dcberweisung\/EFT erfolgt;<\/p><p>In diesem Fall erfolgt die R\u00fcckerstattung per \u00dcberweisung\/EFT auf das vom K\u00e4ufer angegebene Konto, sofern das Konto auf den Namen der Person an der Rechnungsadresse lautet.<\/p><p>ARTIKEL 9 \u2013 ZUST\u00c4NDIGES GERICHT<\/p><p>Bei der Umsetzung dieses Vertrags sind Verbraucherschlichtungsaussch\u00fcsse am Wohnort des K\u00e4ufers oder Verk\u00e4ufers bis zu dem vom Ministerium f\u00fcr Industrie und Handel angegebenen Wert zugelassen, und die Verbrauchergerichte Istanbul und Istanbul Anatolien sind f\u00fcr Streitigkeiten \u00fcber diesen Wert zust\u00e4ndig.<\/p><p>ARTIKEL 10 \u2013 ABSCHLUSS UND INKRAFTTRETEN DES VERTRAGS<\/p><p>Dieser Fernabsatzvertrag besteht aus 10 Artikeln zwischen den Parteien .. \/ .. \/ \u2026. Es wurde mit den elektronischen Annahmeerkl\u00e4rungen und der Zustimmung der Parteien erstellt und trat mit dem Datum der Unterzeichnung in Kraft.<\/p><p>VERKAUFSPERSON<\/p><p>Titel: Sadullaho\u011flu TUR.\u0130N\u015e.DAY.T\u00dcK.MALLARI PAZ.SAN VE T\u0130C A.\u015e.<br \/>Adresse: Cumhuriyet Mah. Oba Cad. Nr.:2\/A ALANYA\/ANTALYA<br \/>Tel.: (242) 515 17 17<br \/>Fax: (242) 515 28 08<br \/>E-Mail: musterihizmetleri@sadullahoglu.com<br \/>K\u00c4UFER<\/p><p>Name, Nachname \/ Titel: \u2026\u2026<br \/>Adresse: \u2026\u2026<br \/>Tel.: \u2026\u2026<br \/>E-Mail: \u2026\u2026<br \/>Best\u00e4tigung<\/p><p>Datum : .. \/ .. \/ \u2026.<br \/>IP-Adresse:\u00a0<strong><em>.<\/em><\/strong>.<strong><em>.<\/em><\/strong><br \/>Best\u00e4tigungscode: \u2026\u2026.<\/p>\t\t\t\t\t\t<\/div>\n\t\t\t\t<\/div>\n\t\t\t\t\t<\/div>\n\t\t\t\t<\/div>\n\t\t\t\t<\/div>","protected":false},"excerpt":{"rendered":"<p>Mesafeli Sat\u0131\u015f S\u00f6zle\u015fmesi MADDE 1 \u2013 TARAFLAR 1.1. SATICI : Unvan\u0131 : Sadullaho\u011flu TUR.\u0130N\u015e.DAY.T\u00dcK.MALLARI PAZ.SAN VE T\u0130C A.\u015eAdresi : Cumhuriyet Mah. Oba Cad. No:2\/A ALANYA\/ANTALYATel : (242) 515 17 17Faks : (242) 515 28 08E-Posta : musterihizmetleri@sadullahoglu.com1.2- ALICI Ad\u0131, Soyad\u0131 \/ Unvan\u0131 : \u2026\u2026Adresi : \u2026\u2026Tel : \u2026\u2026E-Posta : \u2026\u2026MADDE 2 \u2013 S\u00d6ZLE\u015eMEN\u0130N KONUSU \u0130\u015f&hellip;<\/p>","protected":false},"author":1,"featured_media":0,"parent":0,"menu_order":0,"comment_status":"closed","ping_status":"closed","template":"","meta":{"footnotes":""},"class_list":["post-5074","page","type-page","status-publish","hentry"],"yoast_head":"<!-- This site is optimized with the Yoast SEO plugin v23.2 - https:\/\/yoast.com\/wordpress\/plugins\/seo\/ -->\n<title>Mesafeli Sat\u0131\u015f S\u00f6zle\u015fmesi - Sadullaho\u011flu | Alfemo<\/title>\n<meta name=\"robots\" content=\"index, follow, max-snippet:-1, max-image-preview:large, max-video-preview:-1\" \/>\n<link rel=\"canonical\" href=\"https:\/\/alfemo.sadullahoglu.com\/de\/mesafeli-satis-sozlesmesi\/\" \/>\n<meta property=\"og:locale\" content=\"de_DE\" \/>\n<meta property=\"og:type\" content=\"article\" \/>\n<meta property=\"og:title\" content=\"Mesafeli Sat\u0131\u015f S\u00f6zle\u015fmesi - Sadullaho\u011flu | Alfemo\" \/>\n<meta property=\"og:description\" content=\"Mesafeli Sat\u0131\u015f S\u00f6zle\u015fmesi MADDE 1 \u2013 TARAFLAR 1.1. SATICI : Unvan\u0131 : Sadullaho\u011flu TUR.\u0130N\u015e.DAY.T\u00dcK.MALLARI PAZ.SAN VE T\u0130C A.\u015eAdresi : Cumhuriyet Mah. Oba Cad. No:2\/A ALANYA\/ANTALYATel : (242) 515 17 17Faks : (242) 515 28 08E-Posta : musterihizmetleri@sadullahoglu.com1.2- ALICI Ad\u0131, Soyad\u0131 \/ Unvan\u0131 : \u2026\u2026Adresi : \u2026\u2026Tel : \u2026\u2026E-Posta : \u2026\u2026MADDE 2 \u2013 S\u00d6ZLE\u015eMEN\u0130N KONUSU \u0130\u015f&hellip;\" \/>\n<meta property=\"og:url\" content=\"https:\/\/alfemo.sadullahoglu.com\/de\/mesafeli-satis-sozlesmesi\/\" \/>\n<meta property=\"og:site_name\" content=\"Sadullaho\u011flu | Alfemo\" \/>\n<meta property=\"article:modified_time\" content=\"2024-08-19T21:02:50+00:00\" \/>\n<meta name=\"twitter:card\" content=\"summary_large_image\" \/>\n<meta name=\"twitter:label1\" content=\"Gesch\u00e4tzte Lesezeit\" \/>\n\t<meta name=\"twitter:data1\" content=\"9\u00a0Minuten\" \/>\n<script type=\"application\/ld+json\" class=\"yoast-schema-graph\">{\"@context\":\"https:\/\/schema.org\",\"@graph\":[{\"@type\":\"WebPage\",\"@id\":\"https:\/\/alfemo.sadullahoglu.com\/mesafeli-satis-sozlesmesi\/\",\"url\":\"https:\/\/alfemo.sadullahoglu.com\/mesafeli-satis-sozlesmesi\/\",\"name\":\"Mesafeli Sat\u0131\u015f S\u00f6zle\u015fmesi - Sadullaho\u011flu | Alfemo\",\"isPartOf\":{\"@id\":\"https:\/\/alfemo.sadullahoglu.com\/#website\"},\"datePublished\":\"2024-08-19T00:47:18+00:00\",\"dateModified\":\"2024-08-19T21:02:50+00:00\",\"breadcrumb\":{\"@id\":\"https:\/\/alfemo.sadullahoglu.com\/mesafeli-satis-sozlesmesi\/#breadcrumb\"},\"inLanguage\":\"de\",\"potentialAction\":[{\"@type\":\"ReadAction\",\"target\":[\"https:\/\/alfemo.sadullahoglu.com\/mesafeli-satis-sozlesmesi\/\"]}]},{\"@type\":\"BreadcrumbList\",\"@id\":\"https:\/\/alfemo.sadullahoglu.com\/mesafeli-satis-sozlesmesi\/#breadcrumb\",\"itemListElement\":[{\"@type\":\"ListItem\",\"position\":1,\"name\":\"Anasayfa\",\"item\":\"https:\/\/alfemo.sadullahoglu.com\/\"},{\"@type\":\"ListItem\",\"position\":2,\"name\":\"Mesafeli Sat\u0131\u015f S\u00f6zle\u015fmesi\"}]},{\"@type\":\"WebSite\",\"@id\":\"https:\/\/alfemo.sadullahoglu.com\/#website\",\"url\":\"https:\/\/alfemo.sadullahoglu.com\/\",\"name\":\"Sadullaho\u011flu | Alfemo\",\"description\":\"Sadullaho\u011flu | Alfemo\",\"potentialAction\":[{\"@type\":\"SearchAction\",\"target\":{\"@type\":\"EntryPoint\",\"urlTemplate\":\"https:\/\/alfemo.sadullahoglu.com\/?s={search_term_string}\"},\"query-input\":\"required name=search_term_string\"}],\"inLanguage\":\"de\"}]}<\/script>\n<!-- \/ Yoast SEO plugin. -->","yoast_head_json":{"title":"Mesafeli Sat\u0131\u015f S\u00f6zle\u015fmesi - Sadullaho\u011flu | Alfemo","robots":{"index":"index","follow":"follow","max-snippet":"max-snippet:-1","max-image-preview":"max-image-preview:large","max-video-preview":"max-video-preview:-1"},"canonical":"https:\/\/alfemo.sadullahoglu.com\/de\/mesafeli-satis-sozlesmesi\/","og_locale":"de_DE","og_type":"article","og_title":"Mesafeli Sat\u0131\u015f S\u00f6zle\u015fmesi - Sadullaho\u011flu | Alfemo","og_description":"Mesafeli Sat\u0131\u015f S\u00f6zle\u015fmesi MADDE 1 \u2013 TARAFLAR 1.1. SATICI : Unvan\u0131 : Sadullaho\u011flu TUR.\u0130N\u015e.DAY.T\u00dcK.MALLARI PAZ.SAN VE T\u0130C A.\u015eAdresi : Cumhuriyet Mah. Oba Cad. No:2\/A ALANYA\/ANTALYATel : (242) 515 17 17Faks : (242) 515 28 08E-Posta : musterihizmetleri@sadullahoglu.com1.2- ALICI Ad\u0131, Soyad\u0131 \/ Unvan\u0131 : \u2026\u2026Adresi : \u2026\u2026Tel : \u2026\u2026E-Posta : \u2026\u2026MADDE 2 \u2013 S\u00d6ZLE\u015eMEN\u0130N KONUSU \u0130\u015f&hellip;","og_url":"https:\/\/alfemo.sadullahoglu.com\/de\/mesafeli-satis-sozlesmesi\/","og_site_name":"Sadullaho\u011flu | Alfemo","article_modified_time":"2024-08-19T21:02:50+00:00","twitter_card":"summary_large_image","twitter_misc":{"Gesch\u00e4tzte Lesezeit":"9\u00a0Minuten"},"schema":{"@context":"https:\/\/schema.org","@graph":[{"@type":"WebPage","@id":"https:\/\/alfemo.sadullahoglu.com\/mesafeli-satis-sozlesmesi\/","url":"https:\/\/alfemo.sadullahoglu.com\/mesafeli-satis-sozlesmesi\/","name":"Mesafeli Sat\u0131\u015f S\u00f6zle\u015fmesi - Sadullaho\u011flu | Alfemo","isPartOf":{"@id":"https:\/\/alfemo.sadullahoglu.com\/#website"},"datePublished":"2024-08-19T00:47:18+00:00","dateModified":"2024-08-19T21:02:50+00:00","breadcrumb":{"@id":"https:\/\/alfemo.sadullahoglu.com\/mesafeli-satis-sozlesmesi\/#breadcrumb"},"inLanguage":"de","potentialAction":[{"@type":"ReadAction","target":["https:\/\/alfemo.sadullahoglu.com\/mesafeli-satis-sozlesmesi\/"]}]},{"@type":"BreadcrumbList","@id":"https:\/\/alfemo.sadullahoglu.com\/mesafeli-satis-sozlesmesi\/#breadcrumb","itemListElement":[{"@type":"ListItem","position":1,"name":"Anasayfa","item":"https:\/\/alfemo.sadullahoglu.com\/"},{"@type":"ListItem","position":2,"name":"Mesafeli Sat\u0131\u015f S\u00f6zle\u015fmesi"}]},{"@type":"WebSite","@id":"https:\/\/alfemo.sadullahoglu.com\/#website","url":"https:\/\/alfemo.sadullahoglu.com\/","name":"Sadullaho\u011flu | Alfemo","description":"Sadullaho\u011flu | Alfemo","potentialAction":[{"@type":"SearchAction","target":{"@type":"EntryPoint","urlTemplate":"https:\/\/alfemo.sadullahoglu.com\/?s={search_term_string}"},"query-input":"required name=search_term_string"}],"inLanguage":"de"}]}},"_links":{"self":[{"href":"https:\/\/alfemo.sadullahoglu.com\/de\/wp-json\/wp\/v2\/pages\/5074","targetHints":{"allow":["GET"]}}],"collection":[{"href":"https:\/\/alfemo.sadullahoglu.com\/de\/wp-json\/wp\/v2\/pages"}],"about":[{"href":"https:\/\/alfemo.sadullahoglu.com\/de\/wp-json\/wp\/v2\/types\/page"}],"author":[{"embeddable":true,"href":"https:\/\/alfemo.sadullahoglu.com\/de\/wp-json\/wp\/v2\/users\/1"}],"replies":[{"embeddable":true,"href":"https:\/\/alfemo.sadullahoglu.com\/de\/wp-json\/wp\/v2\/comments?post=5074"}],"version-history":[{"count":7,"href":"https:\/\/alfemo.sadullahoglu.com\/de\/wp-json\/wp\/v2\/pages\/5074\/revisions"}],"predecessor-version":[{"id":5262,"href":"https:\/\/alfemo.sadullahoglu.com\/de\/wp-json\/wp\/v2\/pages\/5074\/revisions\/5262"}],"wp:attachment":[{"href":"https:\/\/alfemo.sadullahoglu.com\/de\/wp-json\/wp\/v2\/media?parent=5074"}],"curies":[{"name":"wp","href":"https:\/\/api.w.org\/{rel}","templated":true}]}}