{"id":5052,"date":"2024-08-19T03:40:37","date_gmt":"2024-08-19T00:40:37","guid":{"rendered":"https:\/\/alfemo.sadullahoglu.com\/?page_id=5052"},"modified":"2024-08-19T03:41:11","modified_gmt":"2024-08-19T00:41:11","slug":"odeme-ve-teslimat","status":"publish","type":"page","link":"https:\/\/alfemo.sadullahoglu.com\/en\/odeme-ve-teslimat\/","title":{"rendered":"Payment and Delivery"},"content":{"rendered":"<div data-elementor-type=\"wp-page\" data-elementor-id=\"5052\" class=\"elementor elementor-5052\" data-elementor-post-type=\"page\">\n\t\t\t\t<div class=\"elementor-element elementor-element-378756a e-flex e-con-boxed e-con e-parent\" data-id=\"378756a\" data-element_type=\"container\">\n\t\t\t\t\t<div class=\"e-con-inner\">\n\t\t\t\t<div class=\"elementor-element elementor-element-3a9df7d elementor-widget elementor-widget-heading\" data-id=\"3a9df7d\" data-element_type=\"widget\" data-widget_type=\"heading.default\">\n\t\t\t\t<div class=\"elementor-widget-container\">\n\t\t\t<style>\/*! elementor - v3.23.0 - 05-08-2024 *\/\n.elementor-heading-title{padding:0;margin:0;line-height:1}.elementor-widget-heading .elementor-heading-title[class*=elementor-size-]>a{color:inherit;font-size:inherit;line-height:inherit}.elementor-widget-heading .elementor-heading-title.elementor-size-small{font-size:15px}.elementor-widget-heading .elementor-heading-title.elementor-size-medium{font-size:19px}.elementor-widget-heading .elementor-heading-title.elementor-size-large{font-size:29px}.elementor-widget-heading .elementor-heading-title.elementor-size-xl{font-size:39px}.elementor-widget-heading .elementor-heading-title.elementor-size-xxl{font-size:59px}<\/style><h2 class=\"elementor-heading-title elementor-size-default\">Payment and Delivery\n<\/h2>\t\t<\/div>\n\t\t\t\t<\/div>\n\t\t\t\t<div class=\"elementor-element elementor-element-a42b275 elementor-widget elementor-widget-text-editor\" data-id=\"a42b275\" data-element_type=\"widget\" data-widget_type=\"text-editor.default\">\n\t\t\t\t<div class=\"elementor-widget-container\">\n\t\t\t<style>\/*! elementor - v3.23.0 - 05-08-2024 *\/\n.elementor-widget-text-editor.elementor-drop-cap-view-stacked .elementor-drop-cap{background-color:#69727d;color:#fff}.elementor-widget-text-editor.elementor-drop-cap-view-framed .elementor-drop-cap{color:#69727d;border:3px solid;background-color:transparent}.elementor-widget-text-editor:not(.elementor-drop-cap-view-default) .elementor-drop-cap{margin-top:8px}.elementor-widget-text-editor:not(.elementor-drop-cap-view-default) .elementor-drop-cap-letter{width:1em;height:1em}.elementor-widget-text-editor .elementor-drop-cap{float:left;text-align:center;line-height:1;font-size:50px}.elementor-widget-text-editor .elementor-drop-cap-letter{display:inline-block}<\/style>\t\t\t\t<p class=\"has-text-align-center\">What are the advantages of being a member?<br \/>Our members will be the first to be informed about our promotions and campaigns.<br \/>When you finish shopping and come to the payment section, all you have to do is enter your credit card information. You will not need to re-enter your ID and address information every time.<br \/>Membership to our site is free. If you become a member, your identity information will not be shared with any person or organization and will be kept confidential.<\/p><p class=\"has-text-align-center\">What are the payment methods?<br \/>You can make your payment by credit card or transfer to our bank account.<\/p><p class=\"has-text-align-center\">-You enter your credit card number or password incorrectly,<br \/>-Failure in bank systems,<br \/>-Your credit card limit is full<\/p><p class=\"has-text-align-center\">If you cannot get approval for reasons such as, a warning message will appear on your screen. Please check your credit card information and try again or use another credit card if you have one.<br \/>The card information you provide during shopping is automatically delivered to the bank without us seeing it, and your order is started to be prepared when the authorization is received.<br \/>If you specify different delivery and billing addresses on your shopping form, the product you purchase and its delivery note will be issued according to the delivery address, and the invoice will be issued according to the billing address you specified.<\/p><p class=\"has-text-align-center\">DELIVERY<br \/>Products are supplied from our stores and central warehouses and this period may vary due to the stock status of the products and the density on special days. Your orders for small household appliances, electronics etc. are delivered to the cargo within an average of 3 (three) business days. However, some white goods products and products that are not in store stock will be supplied from the general warehouse, so the delivery period may take 7 (seven) to 14 (fourteen) days. In such cases, you will be notified. The delivery time to you varies depending on your address after delivery to the cargo. Shipments are made between 09:30 and 18:30.<\/p><p class=\"has-text-align-center\">The shipment of Sadullahoglu Tur.\u0130n\u015f.Day.T\u00fck.Mallar\u0131 Paz.San ve Tic A.\u015e products is provided by Aras Cargo and Yurti\u00e7i Cargo.<\/p><p class=\"has-text-align-center\">ORDER TRACKING<br \/>You can get information about your order by calling 0242 515 17 17 or sending an e-mail to musterihizmetleri@sadullahoglu.com.<\/p>\t\t\t\t\t\t<\/div>\n\t\t\t\t<\/div>\n\t\t\t\t\t<\/div>\n\t\t\t\t<\/div>\n\t\t\t\t<\/div>","protected":false},"excerpt":{"rendered":"<p>\u00d6deme ve Teslimat \u00dcye olman\u0131n avantajlar\u0131 nelerdir?\u00dcyelerimiz, promosyon ve kampanyalar\u0131m\u0131zdan \u00f6ncelikle haberdar olacakt\u0131r.Al\u0131\u015fveri\u015f bitirilip \u00f6deme b\u00f6l\u00fcm\u00fcne gelindi\u011finde, sadece kredi kart\u0131 bilgilerini yazman\u0131z yeterli olacakt\u0131r. Kimlik \u2013 adres bilgilerini her seferinde yeniden yazman\u0131za gerek kalmayacakt\u0131r.Sitemize \u00fcyelik \u00fccretsizdir. \u00dcye olman\u0131z halinde kimlik bilgileriniz hi\u00e7bir ki\u015fi ve kurulu\u015fla payla\u015f\u0131lmayacak, gizli tutulacakt\u0131r. \u00d6deme \u015fekilleri nelerdir?Kredi Kart\u0131 ve banka hesab\u0131m\u0131za&hellip;<\/p>","protected":false},"author":1,"featured_media":0,"parent":0,"menu_order":0,"comment_status":"closed","ping_status":"closed","template":"","meta":{"footnotes":""},"class_list":["post-5052","page","type-page","status-publish","hentry"],"yoast_head":"<!-- This site is optimized with the Yoast SEO plugin v23.2 - https:\/\/yoast.com\/wordpress\/plugins\/seo\/ -->\n<title>\u00d6deme ve Teslimat - Sadullaho\u011flu | Alfemo<\/title>\n<meta name=\"robots\" content=\"index, follow, max-snippet:-1, max-image-preview:large, max-video-preview:-1\" \/>\n<link rel=\"canonical\" href=\"https:\/\/alfemo.sadullahoglu.com\/en\/odeme-ve-teslimat\/\" \/>\n<meta property=\"og:locale\" content=\"en_US\" \/>\n<meta property=\"og:type\" content=\"article\" \/>\n<meta property=\"og:title\" content=\"\u00d6deme ve Teslimat - Sadullaho\u011flu | Alfemo\" \/>\n<meta property=\"og:description\" content=\"\u00d6deme ve Teslimat \u00dcye olman\u0131n avantajlar\u0131 nelerdir?\u00dcyelerimiz, promosyon ve kampanyalar\u0131m\u0131zdan \u00f6ncelikle haberdar olacakt\u0131r.Al\u0131\u015fveri\u015f bitirilip \u00f6deme b\u00f6l\u00fcm\u00fcne gelindi\u011finde, sadece kredi kart\u0131 bilgilerini yazman\u0131z yeterli olacakt\u0131r. Kimlik \u2013 adres bilgilerini her seferinde yeniden yazman\u0131za gerek kalmayacakt\u0131r.Sitemize \u00fcyelik \u00fccretsizdir. \u00dcye olman\u0131z halinde kimlik bilgileriniz hi\u00e7bir ki\u015fi ve kurulu\u015fla payla\u015f\u0131lmayacak, gizli tutulacakt\u0131r. \u00d6deme \u015fekilleri nelerdir?Kredi Kart\u0131 ve banka hesab\u0131m\u0131za&hellip;\" \/>\n<meta property=\"og:url\" content=\"https:\/\/alfemo.sadullahoglu.com\/en\/odeme-ve-teslimat\/\" \/>\n<meta property=\"og:site_name\" content=\"Sadullaho\u011flu | Alfemo\" \/>\n<meta property=\"article:modified_time\" content=\"2024-08-19T00:41:11+00:00\" \/>\n<meta name=\"twitter:card\" content=\"summary_large_image\" \/>\n<meta name=\"twitter:label1\" content=\"Est. reading time\" \/>\n\t<meta name=\"twitter:data1\" content=\"2 minutes\" \/>\n<script type=\"application\/ld+json\" class=\"yoast-schema-graph\">{\"@context\":\"https:\/\/schema.org\",\"@graph\":[{\"@type\":\"WebPage\",\"@id\":\"https:\/\/alfemo.sadullahoglu.com\/odeme-ve-teslimat\/\",\"url\":\"https:\/\/alfemo.sadullahoglu.com\/odeme-ve-teslimat\/\",\"name\":\"\u00d6deme ve Teslimat - Sadullaho\u011flu | Alfemo\",\"isPartOf\":{\"@id\":\"https:\/\/alfemo.sadullahoglu.com\/#website\"},\"datePublished\":\"2024-08-19T00:40:37+00:00\",\"dateModified\":\"2024-08-19T00:41:11+00:00\",\"breadcrumb\":{\"@id\":\"https:\/\/alfemo.sadullahoglu.com\/odeme-ve-teslimat\/#breadcrumb\"},\"inLanguage\":\"en-US\",\"potentialAction\":[{\"@type\":\"ReadAction\",\"target\":[\"https:\/\/alfemo.sadullahoglu.com\/odeme-ve-teslimat\/\"]}]},{\"@type\":\"BreadcrumbList\",\"@id\":\"https:\/\/alfemo.sadullahoglu.com\/odeme-ve-teslimat\/#breadcrumb\",\"itemListElement\":[{\"@type\":\"ListItem\",\"position\":1,\"name\":\"Anasayfa\",\"item\":\"https:\/\/alfemo.sadullahoglu.com\/\"},{\"@type\":\"ListItem\",\"position\":2,\"name\":\"\u00d6deme ve Teslimat\"}]},{\"@type\":\"WebSite\",\"@id\":\"https:\/\/alfemo.sadullahoglu.com\/#website\",\"url\":\"https:\/\/alfemo.sadullahoglu.com\/\",\"name\":\"Sadullaho\u011flu | Alfemo\",\"description\":\"Sadullaho\u011flu | Alfemo\",\"potentialAction\":[{\"@type\":\"SearchAction\",\"target\":{\"@type\":\"EntryPoint\",\"urlTemplate\":\"https:\/\/alfemo.sadullahoglu.com\/?s={search_term_string}\"},\"query-input\":\"required name=search_term_string\"}],\"inLanguage\":\"en-US\"}]}<\/script>\n<!-- \/ Yoast SEO plugin. -->","yoast_head_json":{"title":"\u00d6deme ve Teslimat - Sadullaho\u011flu | Alfemo","robots":{"index":"index","follow":"follow","max-snippet":"max-snippet:-1","max-image-preview":"max-image-preview:large","max-video-preview":"max-video-preview:-1"},"canonical":"https:\/\/alfemo.sadullahoglu.com\/en\/odeme-ve-teslimat\/","og_locale":"en_US","og_type":"article","og_title":"\u00d6deme ve Teslimat - Sadullaho\u011flu | Alfemo","og_description":"\u00d6deme ve Teslimat \u00dcye olman\u0131n avantajlar\u0131 nelerdir?\u00dcyelerimiz, promosyon ve kampanyalar\u0131m\u0131zdan \u00f6ncelikle haberdar olacakt\u0131r.Al\u0131\u015fveri\u015f bitirilip \u00f6deme b\u00f6l\u00fcm\u00fcne gelindi\u011finde, sadece kredi kart\u0131 bilgilerini yazman\u0131z yeterli olacakt\u0131r. Kimlik \u2013 adres bilgilerini her seferinde yeniden yazman\u0131za gerek kalmayacakt\u0131r.Sitemize \u00fcyelik \u00fccretsizdir. \u00dcye olman\u0131z halinde kimlik bilgileriniz hi\u00e7bir ki\u015fi ve kurulu\u015fla payla\u015f\u0131lmayacak, gizli tutulacakt\u0131r. \u00d6deme \u015fekilleri nelerdir?Kredi Kart\u0131 ve banka hesab\u0131m\u0131za&hellip;","og_url":"https:\/\/alfemo.sadullahoglu.com\/en\/odeme-ve-teslimat\/","og_site_name":"Sadullaho\u011flu | Alfemo","article_modified_time":"2024-08-19T00:41:11+00:00","twitter_card":"summary_large_image","twitter_misc":{"Est. reading time":"2 minutes"},"schema":{"@context":"https:\/\/schema.org","@graph":[{"@type":"WebPage","@id":"https:\/\/alfemo.sadullahoglu.com\/odeme-ve-teslimat\/","url":"https:\/\/alfemo.sadullahoglu.com\/odeme-ve-teslimat\/","name":"\u00d6deme ve Teslimat - Sadullaho\u011flu | Alfemo","isPartOf":{"@id":"https:\/\/alfemo.sadullahoglu.com\/#website"},"datePublished":"2024-08-19T00:40:37+00:00","dateModified":"2024-08-19T00:41:11+00:00","breadcrumb":{"@id":"https:\/\/alfemo.sadullahoglu.com\/odeme-ve-teslimat\/#breadcrumb"},"inLanguage":"en-US","potentialAction":[{"@type":"ReadAction","target":["https:\/\/alfemo.sadullahoglu.com\/odeme-ve-teslimat\/"]}]},{"@type":"BreadcrumbList","@id":"https:\/\/alfemo.sadullahoglu.com\/odeme-ve-teslimat\/#breadcrumb","itemListElement":[{"@type":"ListItem","position":1,"name":"Anasayfa","item":"https:\/\/alfemo.sadullahoglu.com\/"},{"@type":"ListItem","position":2,"name":"\u00d6deme ve Teslimat"}]},{"@type":"WebSite","@id":"https:\/\/alfemo.sadullahoglu.com\/#website","url":"https:\/\/alfemo.sadullahoglu.com\/","name":"Sadullaho\u011flu | Alfemo","description":"Sadullaho\u011flu | Alfemo","potentialAction":[{"@type":"SearchAction","target":{"@type":"EntryPoint","urlTemplate":"https:\/\/alfemo.sadullahoglu.com\/?s={search_term_string}"},"query-input":"required name=search_term_string"}],"inLanguage":"en-US"}]}},"_links":{"self":[{"href":"https:\/\/alfemo.sadullahoglu.com\/en\/wp-json\/wp\/v2\/pages\/5052","targetHints":{"allow":["GET"]}}],"collection":[{"href":"https:\/\/alfemo.sadullahoglu.com\/en\/wp-json\/wp\/v2\/pages"}],"about":[{"href":"https:\/\/alfemo.sadullahoglu.com\/en\/wp-json\/wp\/v2\/types\/page"}],"author":[{"embeddable":true,"href":"https:\/\/alfemo.sadullahoglu.com\/en\/wp-json\/wp\/v2\/users\/1"}],"replies":[{"embeddable":true,"href":"https:\/\/alfemo.sadullahoglu.com\/en\/wp-json\/wp\/v2\/comments?post=5052"}],"version-history":[{"count":4,"href":"https:\/\/alfemo.sadullahoglu.com\/en\/wp-json\/wp\/v2\/pages\/5052\/revisions"}],"predecessor-version":[{"id":5057,"href":"https:\/\/alfemo.sadullahoglu.com\/en\/wp-json\/wp\/v2\/pages\/5052\/revisions\/5057"}],"wp:attachment":[{"href":"https:\/\/alfemo.sadullahoglu.com\/en\/wp-json\/wp\/v2\/media?parent=5052"}],"curies":[{"name":"wp","href":"https:\/\/api.w.org\/{rel}","templated":true}]}}