{"id":5079,"date":"2024-08-19T03:48:07","date_gmt":"2024-08-19T00:48:07","guid":{"rendered":"https:\/\/alfemo.sadullahoglu.com\/?page_id=5079"},"modified":"2024-08-20T00:04:45","modified_gmt":"2024-08-19T21:04:45","slug":"kurumsal-satis","status":"publish","type":"page","link":"https:\/\/alfemo.sadullahoglu.com\/en\/kurumsal-satis\/","title":{"rendered":"Corporate Sales"},"content":{"rendered":"<div data-elementor-type=\"wp-page\" data-elementor-id=\"5079\" class=\"elementor elementor-5079\" data-elementor-post-type=\"page\">\n\t\t\t\t<div class=\"elementor-element elementor-element-84f93cb e-flex e-con-boxed e-con e-parent\" data-id=\"84f93cb\" data-element_type=\"container\">\n\t\t\t\t\t<div class=\"e-con-inner\">\n\t\t\t\t<div class=\"elementor-element elementor-element-a5a7e51 elementor-widget elementor-widget-heading\" data-id=\"a5a7e51\" data-element_type=\"widget\" data-widget_type=\"heading.default\">\n\t\t\t\t<div class=\"elementor-widget-container\">\n\t\t\t<style>\/*! elementor - v3.23.0 - 05-08-2024 *\/\n.elementor-heading-title{padding:0;margin:0;line-height:1}.elementor-widget-heading .elementor-heading-title[class*=elementor-size-]>a{color:inherit;font-size:inherit;line-height:inherit}.elementor-widget-heading .elementor-heading-title.elementor-size-small{font-size:15px}.elementor-widget-heading .elementor-heading-title.elementor-size-medium{font-size:19px}.elementor-widget-heading .elementor-heading-title.elementor-size-large{font-size:29px}.elementor-widget-heading .elementor-heading-title.elementor-size-xl{font-size:39px}.elementor-widget-heading .elementor-heading-title.elementor-size-xxl{font-size:59px}<\/style><h2 class=\"elementor-heading-title elementor-size-default\">Corporate Sales\n<\/h2>\t\t<\/div>\n\t\t\t\t<\/div>\n\t\t\t\t<div class=\"elementor-element elementor-element-3955363 elementor-widget elementor-widget-text-editor\" data-id=\"3955363\" data-element_type=\"widget\" data-widget_type=\"text-editor.default\">\n\t\t\t\t<div class=\"elementor-widget-container\">\n\t\t\t<style>\/*! elementor - v3.23.0 - 05-08-2024 *\/\n.elementor-widget-text-editor.elementor-drop-cap-view-stacked .elementor-drop-cap{background-color:#69727d;color:#fff}.elementor-widget-text-editor.elementor-drop-cap-view-framed .elementor-drop-cap{color:#69727d;border:3px solid;background-color:transparent}.elementor-widget-text-editor:not(.elementor-drop-cap-view-default) .elementor-drop-cap{margin-top:8px}.elementor-widget-text-editor:not(.elementor-drop-cap-view-default) .elementor-drop-cap-letter{width:1em;height:1em}.elementor-widget-text-editor .elementor-drop-cap{float:left;text-align:center;line-height:1;font-size:50px}.elementor-widget-text-editor .elementor-drop-cap-letter{display:inline-block}<\/style>\t\t\t\t<p>As Sadullaho\u011flu Alfemo, we offer technology solutions tailored to the needs of businesses of all sizes with affordable prices, quality service and rich payment options. <\/p><p><strong>For your Corporate Requests and Suggestions;<\/strong><\/p><p>You can call (0242) 515 17 17 or send an e-mail to kurumsalsatis@sadullahoglu.com.<\/p>\t\t\t\t\t\t<\/div>\n\t\t\t\t<\/div>\n\t\t\t\t\t<\/div>\n\t\t\t\t<\/div>\n\t\t\t\t<\/div>","protected":false},"excerpt":{"rendered":"<p>Kurumsal Sat\u0131\u015f Sadullaho\u011flu Alfemo olarak, her \u00f6l\u00e7ekten i\u015fletmenin ihtiya\u00e7lar\u0131na \u00f6zel teknoloji \u00e7\u00f6z\u00fcmlerini uygun fiyat, kaliteli hizmet ve zengin \u00f6deme se\u00e7enekleriyle sunuyoruz. Kurumsal Talep ve \u00d6neri \u0130stekleriniz i\u00e7in; (0242) 515 17 17 arayabilir ya da kurumsalsatis@sadullahoglu.com adresine mail atabilirsiniz.<\/p>","protected":false},"author":1,"featured_media":0,"parent":0,"menu_order":0,"comment_status":"closed","ping_status":"closed","template":"","meta":{"footnotes":""},"class_list":["post-5079","page","type-page","status-publish","hentry"],"yoast_head":"<!-- This site is optimized with the Yoast SEO plugin v23.2 - https:\/\/yoast.com\/wordpress\/plugins\/seo\/ -->\n<title>Kurumsal Sat\u0131\u015f - Sadullaho\u011flu | Alfemo<\/title>\n<meta name=\"robots\" content=\"index, follow, max-snippet:-1, max-image-preview:large, max-video-preview:-1\" \/>\n<link rel=\"canonical\" href=\"https:\/\/alfemo.sadullahoglu.com\/en\/kurumsal-satis\/\" \/>\n<meta property=\"og:locale\" content=\"en_US\" \/>\n<meta property=\"og:type\" content=\"article\" \/>\n<meta property=\"og:title\" content=\"Kurumsal Sat\u0131\u015f - Sadullaho\u011flu | Alfemo\" \/>\n<meta property=\"og:description\" content=\"Kurumsal Sat\u0131\u015f Sadullaho\u011flu Alfemo olarak, her \u00f6l\u00e7ekten i\u015fletmenin ihtiya\u00e7lar\u0131na \u00f6zel teknoloji \u00e7\u00f6z\u00fcmlerini uygun fiyat, kaliteli hizmet ve zengin \u00f6deme se\u00e7enekleriyle sunuyoruz. Kurumsal Talep ve \u00d6neri \u0130stekleriniz i\u00e7in; (0242) 515 17 17 arayabilir ya da kurumsalsatis@sadullahoglu.com adresine mail atabilirsiniz.\" \/>\n<meta property=\"og:url\" content=\"https:\/\/alfemo.sadullahoglu.com\/en\/kurumsal-satis\/\" \/>\n<meta property=\"og:site_name\" content=\"Sadullaho\u011flu | Alfemo\" \/>\n<meta property=\"article:modified_time\" content=\"2024-08-19T21:04:45+00:00\" \/>\n<meta name=\"twitter:card\" content=\"summary_large_image\" \/>\n<meta name=\"twitter:label1\" content=\"Est. reading time\" \/>\n\t<meta name=\"twitter:data1\" content=\"1 minute\" \/>\n<script type=\"application\/ld+json\" class=\"yoast-schema-graph\">{\"@context\":\"https:\/\/schema.org\",\"@graph\":[{\"@type\":\"WebPage\",\"@id\":\"https:\/\/alfemo.sadullahoglu.com\/kurumsal-satis\/\",\"url\":\"https:\/\/alfemo.sadullahoglu.com\/kurumsal-satis\/\",\"name\":\"Kurumsal Sat\u0131\u015f - Sadullaho\u011flu | Alfemo\",\"isPartOf\":{\"@id\":\"https:\/\/alfemo.sadullahoglu.com\/#website\"},\"datePublished\":\"2024-08-19T00:48:07+00:00\",\"dateModified\":\"2024-08-19T21:04:45+00:00\",\"breadcrumb\":{\"@id\":\"https:\/\/alfemo.sadullahoglu.com\/kurumsal-satis\/#breadcrumb\"},\"inLanguage\":\"en-US\",\"potentialAction\":[{\"@type\":\"ReadAction\",\"target\":[\"https:\/\/alfemo.sadullahoglu.com\/kurumsal-satis\/\"]}]},{\"@type\":\"BreadcrumbList\",\"@id\":\"https:\/\/alfemo.sadullahoglu.com\/kurumsal-satis\/#breadcrumb\",\"itemListElement\":[{\"@type\":\"ListItem\",\"position\":1,\"name\":\"Anasayfa\",\"item\":\"https:\/\/alfemo.sadullahoglu.com\/\"},{\"@type\":\"ListItem\",\"position\":2,\"name\":\"Kurumsal Sat\u0131\u015f\"}]},{\"@type\":\"WebSite\",\"@id\":\"https:\/\/alfemo.sadullahoglu.com\/#website\",\"url\":\"https:\/\/alfemo.sadullahoglu.com\/\",\"name\":\"Sadullaho\u011flu | Alfemo\",\"description\":\"Sadullaho\u011flu | Alfemo\",\"potentialAction\":[{\"@type\":\"SearchAction\",\"target\":{\"@type\":\"EntryPoint\",\"urlTemplate\":\"https:\/\/alfemo.sadullahoglu.com\/?s={search_term_string}\"},\"query-input\":\"required name=search_term_string\"}],\"inLanguage\":\"en-US\"}]}<\/script>\n<!-- \/ Yoast SEO plugin. -->","yoast_head_json":{"title":"Kurumsal Sat\u0131\u015f - Sadullaho\u011flu | Alfemo","robots":{"index":"index","follow":"follow","max-snippet":"max-snippet:-1","max-image-preview":"max-image-preview:large","max-video-preview":"max-video-preview:-1"},"canonical":"https:\/\/alfemo.sadullahoglu.com\/en\/kurumsal-satis\/","og_locale":"en_US","og_type":"article","og_title":"Kurumsal Sat\u0131\u015f - Sadullaho\u011flu | Alfemo","og_description":"Kurumsal Sat\u0131\u015f Sadullaho\u011flu Alfemo olarak, her \u00f6l\u00e7ekten i\u015fletmenin ihtiya\u00e7lar\u0131na \u00f6zel teknoloji \u00e7\u00f6z\u00fcmlerini uygun fiyat, kaliteli hizmet ve zengin \u00f6deme se\u00e7enekleriyle sunuyoruz. Kurumsal Talep ve \u00d6neri \u0130stekleriniz i\u00e7in; (0242) 515 17 17 arayabilir ya da kurumsalsatis@sadullahoglu.com adresine mail atabilirsiniz.","og_url":"https:\/\/alfemo.sadullahoglu.com\/en\/kurumsal-satis\/","og_site_name":"Sadullaho\u011flu | Alfemo","article_modified_time":"2024-08-19T21:04:45+00:00","twitter_card":"summary_large_image","twitter_misc":{"Est. reading time":"1 minute"},"schema":{"@context":"https:\/\/schema.org","@graph":[{"@type":"WebPage","@id":"https:\/\/alfemo.sadullahoglu.com\/kurumsal-satis\/","url":"https:\/\/alfemo.sadullahoglu.com\/kurumsal-satis\/","name":"Kurumsal Sat\u0131\u015f - Sadullaho\u011flu | Alfemo","isPartOf":{"@id":"https:\/\/alfemo.sadullahoglu.com\/#website"},"datePublished":"2024-08-19T00:48:07+00:00","dateModified":"2024-08-19T21:04:45+00:00","breadcrumb":{"@id":"https:\/\/alfemo.sadullahoglu.com\/kurumsal-satis\/#breadcrumb"},"inLanguage":"en-US","potentialAction":[{"@type":"ReadAction","target":["https:\/\/alfemo.sadullahoglu.com\/kurumsal-satis\/"]}]},{"@type":"BreadcrumbList","@id":"https:\/\/alfemo.sadullahoglu.com\/kurumsal-satis\/#breadcrumb","itemListElement":[{"@type":"ListItem","position":1,"name":"Anasayfa","item":"https:\/\/alfemo.sadullahoglu.com\/"},{"@type":"ListItem","position":2,"name":"Kurumsal Sat\u0131\u015f"}]},{"@type":"WebSite","@id":"https:\/\/alfemo.sadullahoglu.com\/#website","url":"https:\/\/alfemo.sadullahoglu.com\/","name":"Sadullaho\u011flu | Alfemo","description":"Sadullaho\u011flu | Alfemo","potentialAction":[{"@type":"SearchAction","target":{"@type":"EntryPoint","urlTemplate":"https:\/\/alfemo.sadullahoglu.com\/?s={search_term_string}"},"query-input":"required name=search_term_string"}],"inLanguage":"en-US"}]}},"_links":{"self":[{"href":"https:\/\/alfemo.sadullahoglu.com\/en\/wp-json\/wp\/v2\/pages\/5079","targetHints":{"allow":["GET"]}}],"collection":[{"href":"https:\/\/alfemo.sadullahoglu.com\/en\/wp-json\/wp\/v2\/pages"}],"about":[{"href":"https:\/\/alfemo.sadullahoglu.com\/en\/wp-json\/wp\/v2\/types\/page"}],"author":[{"embeddable":true,"href":"https:\/\/alfemo.sadullahoglu.com\/en\/wp-json\/wp\/v2\/users\/1"}],"replies":[{"embeddable":true,"href":"https:\/\/alfemo.sadullahoglu.com\/en\/wp-json\/wp\/v2\/comments?post=5079"}],"version-history":[{"count":7,"href":"https:\/\/alfemo.sadullahoglu.com\/en\/wp-json\/wp\/v2\/pages\/5079\/revisions"}],"predecessor-version":[{"id":5265,"href":"https:\/\/alfemo.sadullahoglu.com\/en\/wp-json\/wp\/v2\/pages\/5079\/revisions\/5265"}],"wp:attachment":[{"href":"https:\/\/alfemo.sadullahoglu.com\/en\/wp-json\/wp\/v2\/media?parent=5079"}],"curies":[{"name":"wp","href":"https:\/\/api.w.org\/{rel}","templated":true}]}}